{"id":305530,"date":"2025-04-17T01:28:13","date_gmt":"2025-04-16T23:28:13","guid":{"rendered":"https:\/\/www.atta45.se\/e-butik\/produkt\/liten-bambu-haftapparat-gordon\/"},"modified":"2025-10-27T21:11:18","modified_gmt":"2025-10-27T20:11:18","slug":"liten-bambu-haftapparat-gordon","status":"publish","type":"product","link":"https:\/\/www.atta45.se\/e-butik\/produkt\/liten-bambu-haftapparat-gordon\/","title":{"rendered":"Liten bambu h\u00e4ftapparat Gordon"},"content":{"rendered":"<p>Liten h\u00e4ftapparat i bambu. Inneh\u00e5ller 50 h\u00e4ftklamrar.<\/p>\n","protected":false},"excerpt":{"rendered":"<p>Liten h\u00e4ftapparat i bambu. Inneh\u00e5ller 50 h\u00e4ftklamrar.<\/p>\n","protected":false},"featured_media":305531,"template":"","meta":{"_acf_changed":false,"_seopress_robots_primary_cat":"","_seopress_titles_title":"","_seopress_titles_desc":"","_seopress_robots_index":""},"product_brand":[],"product_cat":[15],"product_tag":[],"class_list":{"0":"post-305530","1":"product","2":"type-product","3":"status-publish","4":"has-post-thumbnail","6":"product_cat-okategoriserad","7":"atta45_taxonomy-tema-inspiration-grona-intryck-bambu-sv","8":"atta45_taxonomy-tema-inspiration-grona-intryck-sv","9":"atta45_taxonomy-elektronik-kontor-kontorsartiklar-sv","11":"first","12":"instock","13":"taxable","14":"shipping-taxable","15":"purchasable","16":"product-type-variable"},"acf":[],"_links":{"self":[{"href":"https:\/\/www.atta45.se\/e-butik\/wp-json\/wp\/v2\/product\/305530","targetHints":{"allow":["GET"]}}],"collection":[{"href":"https:\/\/www.atta45.se\/e-butik\/wp-json\/wp\/v2\/product"}],"about":[{"href":"https:\/\/www.atta45.se\/e-butik\/wp-json\/wp\/v2\/types\/product"}],"wp:featuredmedia":[{"embeddable":true,"href":"https:\/\/www.atta45.se\/e-butik\/wp-json\/wp\/v2\/media\/305531"}],"wp:attachment":[{"href":"https:\/\/www.atta45.se\/e-butik\/wp-json\/wp\/v2\/media?parent=305530"}],"wp:term":[{"taxonomy":"product_brand","embeddable":true,"href":"https:\/\/www.atta45.se\/e-butik\/wp-json\/wp\/v2\/product_brand?post=305530"},{"taxonomy":"product_cat","embeddable":true,"href":"https:\/\/www.atta45.se\/e-butik\/wp-json\/wp\/v2\/product_cat?post=305530"},{"taxonomy":"product_tag","embeddable":true,"href":"https:\/\/www.atta45.se\/e-butik\/wp-json\/wp\/v2\/product_tag?post=305530"}],"curies":[{"name":"wp","href":"https:\/\/api.w.org\/{rel}","templated":true}]}}