{"id":305493,"date":"2025-04-17T01:26:13","date_gmt":"2025-04-16T23:26:13","guid":{"rendered":"https:\/\/www.atta45.se\/e-butik\/produkt\/kulspetspenna-i-atervunnen-aluminium-gladys\/"},"modified":"2025-10-27T21:11:05","modified_gmt":"2025-10-27T20:11:05","slug":"kulspetspenna-i-atervunnen-aluminium-gladys","status":"publish","type":"product","link":"https:\/\/www.atta45.se\/e-butik\/produkt\/kulspetspenna-i-atervunnen-aluminium-gladys\/","title":{"rendered":"Kulspetspenna i \u00e5tervunnen aluminium Gladys"},"content":{"rendered":"<p>Kulspetspenna i \u00e5tervunnen aluminium med en gummerad bel\u00e4ggning p\u00e5 undersidan. Kl\u00e4mman, spetsen och p\u00e5skjutaren \u00e4r i matchande f\u00e4rg. Kl\u00e4mman \u00e4r gjord av metall och spetsen av plast. Ca 800 meters skrivl\u00e4ngd. Logotyp \u00e5tervunnen aluminium medf\u00f6ljer. Bl\u00e5tt bl\u00e4ck.<\/p>\n","protected":false},"excerpt":{"rendered":"<p>Kulspetspenna i \u00e5tervunnen aluminium med en gummerad bel\u00e4ggning p\u00e5 undersidan. Kl\u00e4mman, spetsen och p\u00e5skjutaren \u00e4r i matchande f\u00e4rg. Kl\u00e4mman \u00e4r gjord av metall och spetsen av plast. Ca 800 meters skrivl\u00e4ngd. Logotyp \u00e5tervunnen aluminium medf\u00f6ljer. Bl\u00e5tt bl\u00e4ck.<\/p>\n","protected":false},"featured_media":305494,"template":"","meta":{"_acf_changed":false,"_seopress_robots_primary_cat":"","_seopress_titles_title":"","_seopress_titles_desc":"","_seopress_robots_index":""},"product_brand":[],"product_cat":[15],"product_tag":[],"class_list":{"0":"post-305493","1":"product","2":"type-product","3":"status-publish","4":"has-post-thumbnail","6":"product_cat-okategoriserad","7":"atta45_taxonomy-tema-inspiration-grona-intryck-sv","8":"atta45_taxonomy-elektronik-kontor-pennor-sv","9":"atta45_taxonomy-pennor-sv","10":"atta45_taxonomy-pennor-pennor-sv","12":"first","13":"instock","14":"taxable","15":"shipping-taxable","16":"purchasable","17":"product-type-variable"},"acf":[],"_links":{"self":[{"href":"https:\/\/www.atta45.se\/e-butik\/wp-json\/wp\/v2\/product\/305493","targetHints":{"allow":["GET"]}}],"collection":[{"href":"https:\/\/www.atta45.se\/e-butik\/wp-json\/wp\/v2\/product"}],"about":[{"href":"https:\/\/www.atta45.se\/e-butik\/wp-json\/wp\/v2\/types\/product"}],"wp:featuredmedia":[{"embeddable":true,"href":"https:\/\/www.atta45.se\/e-butik\/wp-json\/wp\/v2\/media\/305494"}],"wp:attachment":[{"href":"https:\/\/www.atta45.se\/e-butik\/wp-json\/wp\/v2\/media?parent=305493"}],"wp:term":[{"taxonomy":"product_brand","embeddable":true,"href":"https:\/\/www.atta45.se\/e-butik\/wp-json\/wp\/v2\/product_brand?post=305493"},{"taxonomy":"product_cat","embeddable":true,"href":"https:\/\/www.atta45.se\/e-butik\/wp-json\/wp\/v2\/product_cat?post=305493"},{"taxonomy":"product_tag","embeddable":true,"href":"https:\/\/www.atta45.se\/e-butik\/wp-json\/wp\/v2\/product_tag?post=305493"}],"curies":[{"name":"wp","href":"https:\/\/api.w.org\/{rel}","templated":true}]}}