{"id":305457,"date":"2025-04-17T01:23:13","date_gmt":"2025-04-16T23:23:13","guid":{"rendered":"https:\/\/www.atta45.se\/e-butik\/produkt\/atervunnen-abs-kulspetspenna-gerald\/"},"modified":"2025-10-27T21:10:55","modified_gmt":"2025-10-27T20:10:55","slug":"atervunnen-abs-kulspetspenna-gerald","status":"publish","type":"product","link":"https:\/\/www.atta45.se\/e-butik\/produkt\/atervunnen-abs-kulspetspenna-gerald\/","title":{"rendered":"\u00c5tervunnen ABS-kulspetspenna Gerald"},"content":{"rendered":"<p>\u00c5tervunnen ABS kulspetspenna med ett stort clip. Inkluderar RABS-logotyp i form. Ca 800 meters skrivl\u00e4ngd. Liten refill. Svart bl\u00e4ck.<\/p>\n","protected":false},"excerpt":{"rendered":"<p>\u00c5tervunnen ABS kulspetspenna med ett stort clip. Inkluderar RABS-logotyp i form. Ca 800 meters skrivl\u00e4ngd. Liten refill. Svart bl\u00e4ck.<\/p>\n","protected":false},"featured_media":305458,"template":"","meta":{"_acf_changed":false,"_seopress_robots_primary_cat":"","_seopress_titles_title":"","_seopress_titles_desc":"","_seopress_robots_index":""},"product_brand":[],"product_cat":[15],"product_tag":[],"class_list":{"0":"post-305457","1":"product","2":"type-product","3":"status-publish","4":"has-post-thumbnail","6":"product_cat-okategoriserad","7":"atta45_taxonomy-tema-inspiration-grona-intryck-sv","8":"atta45_taxonomy-elektronik-kontor-pennor-sv","9":"atta45_taxonomy-pennor-sv","10":"atta45_taxonomy-pennor-pennor-sv","12":"first","13":"instock","14":"taxable","15":"shipping-taxable","16":"purchasable","17":"product-type-variable"},"acf":[],"_links":{"self":[{"href":"https:\/\/www.atta45.se\/e-butik\/wp-json\/wp\/v2\/product\/305457","targetHints":{"allow":["GET"]}}],"collection":[{"href":"https:\/\/www.atta45.se\/e-butik\/wp-json\/wp\/v2\/product"}],"about":[{"href":"https:\/\/www.atta45.se\/e-butik\/wp-json\/wp\/v2\/types\/product"}],"wp:featuredmedia":[{"embeddable":true,"href":"https:\/\/www.atta45.se\/e-butik\/wp-json\/wp\/v2\/media\/305458"}],"wp:attachment":[{"href":"https:\/\/www.atta45.se\/e-butik\/wp-json\/wp\/v2\/media?parent=305457"}],"wp:term":[{"taxonomy":"product_brand","embeddable":true,"href":"https:\/\/www.atta45.se\/e-butik\/wp-json\/wp\/v2\/product_brand?post=305457"},{"taxonomy":"product_cat","embeddable":true,"href":"https:\/\/www.atta45.se\/e-butik\/wp-json\/wp\/v2\/product_cat?post=305457"},{"taxonomy":"product_tag","embeddable":true,"href":"https:\/\/www.atta45.se\/e-butik\/wp-json\/wp\/v2\/product_tag?post=305457"}],"curies":[{"name":"wp","href":"https:\/\/api.w.org\/{rel}","templated":true}]}}