{"id":305423,"date":"2025-04-17T01:20:14","date_gmt":"2025-04-16T23:20:14","guid":{"rendered":"https:\/\/www.atta45.se\/e-butik\/produkt\/nyckelring-i-bambu-gene\/"},"modified":"2025-10-27T21:10:31","modified_gmt":"2025-10-27T20:10:31","slug":"nyckelring-i-bambu-gene","status":"publish","type":"product","link":"https:\/\/www.atta45.se\/e-butik\/produkt\/nyckelring-i-bambu-gene\/","title":{"rendered":"Nyckelring i bambu Gene"},"content":{"rendered":"<p>Nyckelring i bambu med en svart gummibelagd gravyrplatta i rostfritt st\u00e5l inuti, i rund form. F\u00e4rgen efter gravering \u00e4r blank krom. Individuellt f\u00f6rpackad i ett brunt kartongkuvert.<\/p>\n","protected":false},"excerpt":{"rendered":"<p>Nyckelring i bambu med en svart gummibelagd gravyrplatta i rostfritt st\u00e5l inuti, i rund form. F\u00e4rgen efter gravering \u00e4r blank krom. Individuellt f\u00f6rpackad i ett brunt kartongkuvert.<\/p>\n","protected":false},"featured_media":305424,"template":"","meta":{"_acf_changed":false,"_seopress_robots_primary_cat":"","_seopress_titles_title":"","_seopress_titles_desc":"","_seopress_robots_index":""},"product_brand":[],"product_cat":[15],"product_tag":[],"class_list":{"0":"post-305423","1":"product","2":"type-product","3":"status-publish","4":"has-post-thumbnail","6":"product_cat-okategoriserad","7":"atta45_taxonomy-tema-inspiration-grona-intryck-bambu-sv","8":"atta45_taxonomy-tema-inspiration-grona-intryck-sv","9":"atta45_taxonomy-praktiska-ting-nyckelringar-utan-lampor-sv","11":"first","12":"instock","13":"taxable","14":"shipping-taxable","15":"purchasable","16":"product-type-variable"},"acf":[],"_links":{"self":[{"href":"https:\/\/www.atta45.se\/e-butik\/wp-json\/wp\/v2\/product\/305423","targetHints":{"allow":["GET"]}}],"collection":[{"href":"https:\/\/www.atta45.se\/e-butik\/wp-json\/wp\/v2\/product"}],"about":[{"href":"https:\/\/www.atta45.se\/e-butik\/wp-json\/wp\/v2\/types\/product"}],"wp:featuredmedia":[{"embeddable":true,"href":"https:\/\/www.atta45.se\/e-butik\/wp-json\/wp\/v2\/media\/305424"}],"wp:attachment":[{"href":"https:\/\/www.atta45.se\/e-butik\/wp-json\/wp\/v2\/media?parent=305423"}],"wp:term":[{"taxonomy":"product_brand","embeddable":true,"href":"https:\/\/www.atta45.se\/e-butik\/wp-json\/wp\/v2\/product_brand?post=305423"},{"taxonomy":"product_cat","embeddable":true,"href":"https:\/\/www.atta45.se\/e-butik\/wp-json\/wp\/v2\/product_cat?post=305423"},{"taxonomy":"product_tag","embeddable":true,"href":"https:\/\/www.atta45.se\/e-butik\/wp-json\/wp\/v2\/product_tag?post=305423"}],"curies":[{"name":"wp","href":"https:\/\/api.w.org\/{rel}","templated":true}]}}