{"id":305411,"date":"2025-04-17T01:18:16","date_gmt":"2025-04-16T23:18:16","guid":{"rendered":"https:\/\/www.atta45.se\/e-butik\/produkt\/kork-portfolj-a5-franklin\/"},"modified":"2025-10-27T21:10:17","modified_gmt":"2025-10-27T20:10:17","slug":"kork-portfolj-a5-franklin","status":"publish","type":"product","link":"https:\/\/www.atta45.se\/e-butik\/produkt\/kork-portfolj-a5-franklin\/","title":{"rendered":"Kork portf\u00f6lj A5 Franklin"},"content":{"rendered":"<p>Korkportf\u00f6lj, ca A5-storlek. Med innerfickor, elastiskt st\u00e4ngningsband, penn\u00f6gla och l\u00f6stagbar anteckningsbok i A5-format med 192 linjerade ark av \u00e5tervunnet papper (70 g\/m\u00b2). F\u00f6rpackad i silkespapper.<\/p>\n","protected":false},"excerpt":{"rendered":"<p>Korkportf\u00f6lj, ca A5-storlek. Med innerfickor, elastiskt st\u00e4ngningsband, penn\u00f6gla och l\u00f6stagbar anteckningsbok i A5-format med 192 linjerade ark av \u00e5tervunnet papper (70 g\/m\u00b2). F\u00f6rpackad i silkespapper.<\/p>\n","protected":false},"featured_media":305412,"template":"","meta":{"_acf_changed":false,"_seopress_robots_primary_cat":"","_seopress_titles_title":"","_seopress_titles_desc":"","_seopress_robots_index":""},"product_brand":[],"product_cat":[15],"product_tag":[],"class_list":{"0":"post-305411","1":"product","2":"type-product","3":"status-publish","4":"has-post-thumbnail","6":"product_cat-okategoriserad","7":"atta45_taxonomy-tema-inspiration-grona-intryck-sv","8":"atta45_taxonomy-elektronik-kontor-konferensmappar-sv","9":"atta45_taxonomy-tema-inspiration-grona-intryck-kork-sv","11":"first","12":"instock","13":"taxable","14":"shipping-taxable","15":"purchasable","16":"product-type-variable"},"acf":[],"_links":{"self":[{"href":"https:\/\/www.atta45.se\/e-butik\/wp-json\/wp\/v2\/product\/305411","targetHints":{"allow":["GET"]}}],"collection":[{"href":"https:\/\/www.atta45.se\/e-butik\/wp-json\/wp\/v2\/product"}],"about":[{"href":"https:\/\/www.atta45.se\/e-butik\/wp-json\/wp\/v2\/types\/product"}],"wp:featuredmedia":[{"embeddable":true,"href":"https:\/\/www.atta45.se\/e-butik\/wp-json\/wp\/v2\/media\/305412"}],"wp:attachment":[{"href":"https:\/\/www.atta45.se\/e-butik\/wp-json\/wp\/v2\/media?parent=305411"}],"wp:term":[{"taxonomy":"product_brand","embeddable":true,"href":"https:\/\/www.atta45.se\/e-butik\/wp-json\/wp\/v2\/product_brand?post=305411"},{"taxonomy":"product_cat","embeddable":true,"href":"https:\/\/www.atta45.se\/e-butik\/wp-json\/wp\/v2\/product_cat?post=305411"},{"taxonomy":"product_tag","embeddable":true,"href":"https:\/\/www.atta45.se\/e-butik\/wp-json\/wp\/v2\/product_tag?post=305411"}],"curies":[{"name":"wp","href":"https:\/\/api.w.org\/{rel}","templated":true}]}}