{"id":305390,"date":"2025-04-17T01:14:23","date_gmt":"2025-04-16T23:14:23","guid":{"rendered":"https:\/\/www.atta45.se\/e-butik\/produkt\/mattband-i-aluminium-frances\/"},"modified":"2025-10-27T21:10:03","modified_gmt":"2025-10-27T20:10:03","slug":"mattband-i-aluminium-frances","status":"publish","type":"product","link":"https:\/\/www.atta45.se\/e-butik\/produkt\/mattband-i-aluminium-frances\/","title":{"rendered":"M\u00e5ttband i aluminium Frances"},"content":{"rendered":"<p>M\u00e5ttband i aluminium. 3 meter l\u00e5ngt. Med tryckknapp och tryckta centimeter, inklusive handledssn\u00f6re. Individuellt f\u00f6rpackad i en brun kartong.<\/p>\n","protected":false},"excerpt":{"rendered":"<p>M\u00e5ttband i aluminium. 3 meter l\u00e5ngt. Med tryckknapp och tryckta centimeter, inklusive handledssn\u00f6re. Individuellt f\u00f6rpackad i en brun kartong.<\/p>\n","protected":false},"featured_media":305391,"template":"","meta":{"_acf_changed":false,"_seopress_robots_primary_cat":"","_seopress_titles_title":"","_seopress_titles_desc":"","_seopress_robots_index":""},"product_brand":[],"product_cat":[15],"product_tag":[],"class_list":{"0":"post-305390","1":"product","2":"type-product","3":"status-publish","4":"has-post-thumbnail","6":"product_cat-okategoriserad","7":"atta45_taxonomy-elektronik-kontor-matinstrument-sv","8":"atta45_taxonomy-reflexer-verktyg-sakerhet-mattband-sv","10":"first","11":"instock","12":"taxable","13":"shipping-taxable","14":"purchasable","15":"product-type-variable"},"acf":[],"_links":{"self":[{"href":"https:\/\/www.atta45.se\/e-butik\/wp-json\/wp\/v2\/product\/305390","targetHints":{"allow":["GET"]}}],"collection":[{"href":"https:\/\/www.atta45.se\/e-butik\/wp-json\/wp\/v2\/product"}],"about":[{"href":"https:\/\/www.atta45.se\/e-butik\/wp-json\/wp\/v2\/types\/product"}],"wp:featuredmedia":[{"embeddable":true,"href":"https:\/\/www.atta45.se\/e-butik\/wp-json\/wp\/v2\/media\/305391"}],"wp:attachment":[{"href":"https:\/\/www.atta45.se\/e-butik\/wp-json\/wp\/v2\/media?parent=305390"}],"wp:term":[{"taxonomy":"product_brand","embeddable":true,"href":"https:\/\/www.atta45.se\/e-butik\/wp-json\/wp\/v2\/product_brand?post=305390"},{"taxonomy":"product_cat","embeddable":true,"href":"https:\/\/www.atta45.se\/e-butik\/wp-json\/wp\/v2\/product_cat?post=305390"},{"taxonomy":"product_tag","embeddable":true,"href":"https:\/\/www.atta45.se\/e-butik\/wp-json\/wp\/v2\/product_tag?post=305390"}],"curies":[{"name":"wp","href":"https:\/\/api.w.org\/{rel}","templated":true}]}}