{"id":305376,"date":"2025-04-17T01:12:27","date_gmt":"2025-04-16T23:12:27","guid":{"rendered":"https:\/\/www.atta45.se\/e-butik\/produkt\/pu-15-inch-laptop-bag-floyd\/"},"modified":"2025-10-27T21:09:52","modified_gmt":"2025-10-27T20:09:52","slug":"pu-15-inch-laptop-bag-floyd","status":"publish","type":"product","link":"https:\/\/www.atta45.se\/e-butik\/produkt\/pu-15-inch-laptop-bag-floyd\/","title":{"rendered":"PU 15 inch laptop bag Floyd"},"content":{"rendered":"<p>PU laptopv\u00e4ska (15 tum) med tv\u00e5 framfickor med blixtl\u00e5s, ett stort fack med dragkedja med kardborrst\u00e4ngd laptopsektion och flera insatser inuti. Inkluderar justerbara b\u00e4rremmar och tv\u00e5 handtag. Vattenavvisande.<\/p>\n","protected":false},"excerpt":{"rendered":"<p>PU laptopv\u00e4ska (15 tum) med tv\u00e5 framfickor med blixtl\u00e5s, ett stort fack med dragkedja med kardborrst\u00e4ngd laptopsektion och flera insatser inuti. Inkluderar justerbara b\u00e4rremmar och tv\u00e5 handtag. Vattenavvisande.<\/p>\n","protected":false},"featured_media":305377,"template":"","meta":{"_acf_changed":false,"_seopress_robots_primary_cat":"","_seopress_titles_title":"","_seopress_titles_desc":"","_seopress_robots_index":""},"product_brand":[],"product_cat":[15],"product_tag":[],"class_list":{"0":"post-305376","1":"product","2":"type-product","3":"status-publish","4":"has-post-thumbnail","6":"product_cat-okategoriserad","7":"atta45_taxonomy-elektronik-kontor-datortillbehor-sv","8":"atta45_taxonomy-vaskor-resetillbehor-dokument-skolvaskor-sv","9":"atta45_taxonomy-elektronik-kontor-dokument-skolvaskor-sv","10":"atta45_taxonomy-textil-kontor-foretag-sv","11":"atta45_taxonomy-vaskor-resetillbehor-laptopvaskor-sv","12":"atta45_taxonomy-elektronik-kontor-portfoljer-sv","13":"atta45_taxonomy-textil-vaskor-bagar-sv","14":"atta45_taxonomy-vaskor-resetillbehor-sv","16":"first","17":"instock","18":"taxable","19":"shipping-taxable","20":"purchasable","21":"product-type-variable"},"acf":[],"_links":{"self":[{"href":"https:\/\/www.atta45.se\/e-butik\/wp-json\/wp\/v2\/product\/305376","targetHints":{"allow":["GET"]}}],"collection":[{"href":"https:\/\/www.atta45.se\/e-butik\/wp-json\/wp\/v2\/product"}],"about":[{"href":"https:\/\/www.atta45.se\/e-butik\/wp-json\/wp\/v2\/types\/product"}],"wp:featuredmedia":[{"embeddable":true,"href":"https:\/\/www.atta45.se\/e-butik\/wp-json\/wp\/v2\/media\/305377"}],"wp:attachment":[{"href":"https:\/\/www.atta45.se\/e-butik\/wp-json\/wp\/v2\/media?parent=305376"}],"wp:term":[{"taxonomy":"product_brand","embeddable":true,"href":"https:\/\/www.atta45.se\/e-butik\/wp-json\/wp\/v2\/product_brand?post=305376"},{"taxonomy":"product_cat","embeddable":true,"href":"https:\/\/www.atta45.se\/e-butik\/wp-json\/wp\/v2\/product_cat?post=305376"},{"taxonomy":"product_tag","embeddable":true,"href":"https:\/\/www.atta45.se\/e-butik\/wp-json\/wp\/v2\/product_tag?post=305376"}],"curies":[{"name":"wp","href":"https:\/\/api.w.org\/{rel}","templated":true}]}}