{"id":305356,"date":"2025-04-17T01:09:24","date_gmt":"2025-04-16T23:09:24","guid":{"rendered":"https:\/\/www.atta45.se\/e-butik\/produkt\/pu-15-tums-laptop-ryggsack-felicia\/"},"modified":"2025-10-27T21:09:41","modified_gmt":"2025-10-27T20:09:41","slug":"pu-15-tums-laptop-ryggsack-felicia","status":"publish","type":"product","link":"https:\/\/www.atta45.se\/e-butik\/produkt\/pu-15-tums-laptop-ryggsack-felicia\/","title":{"rendered":"PU 15 tums laptop ryggs\u00e4ck Felicia"},"content":{"rendered":"<p>PU-datorryggs\u00e4ck (15 tum) med tv\u00e5 framfickor med dragkedja, ett stort fack med dragkedja och en kardborrest\u00e4ngd laptopsektion och flera insatser inuti. Ventilerad vadderad baksida med rem f\u00f6r vagn och justerbara axelremmar. Vattenavvisande.<\/p>\n","protected":false},"excerpt":{"rendered":"<p>PU-datorryggs\u00e4ck (15 tum) med tv\u00e5 framfickor med dragkedja, ett stort fack med dragkedja och en kardborrest\u00e4ngd laptopsektion och flera insatser inuti. Ventilerad vadderad baksida med rem f\u00f6r vagn och justerbara axelremmar. Vattenavvisande.<\/p>\n","protected":false},"featured_media":305357,"template":"","meta":{"_acf_changed":false,"_seopress_robots_primary_cat":"","_seopress_titles_title":"","_seopress_titles_desc":"","_seopress_robots_index":""},"product_brand":[],"product_cat":[15],"product_tag":[],"class_list":{"0":"post-305356","1":"product","2":"type-product","3":"status-publish","4":"has-post-thumbnail","6":"product_cat-okategoriserad","7":"atta45_taxonomy-elektronik-kontor-datortillbehor-sv","8":"atta45_taxonomy-textil-kontor-foretag-sv","9":"atta45_taxonomy-vaskor-resetillbehor-laptopvaskor-sv","10":"atta45_taxonomy-elektronik-kontor-portfoljer-sv","11":"atta45_taxonomy-vaskor-resetillbehor-ryggsackar-sv","12":"atta45_taxonomy-vaskor-resetillbehor-ryggsackar-axelremsvaskor-sv","13":"atta45_taxonomy-textil-vaskor-bagar-sv","14":"atta45_taxonomy-vaskor-resetillbehor-sv","16":"first","17":"instock","18":"taxable","19":"shipping-taxable","20":"purchasable","21":"product-type-variable"},"acf":[],"_links":{"self":[{"href":"https:\/\/www.atta45.se\/e-butik\/wp-json\/wp\/v2\/product\/305356","targetHints":{"allow":["GET"]}}],"collection":[{"href":"https:\/\/www.atta45.se\/e-butik\/wp-json\/wp\/v2\/product"}],"about":[{"href":"https:\/\/www.atta45.se\/e-butik\/wp-json\/wp\/v2\/types\/product"}],"wp:featuredmedia":[{"embeddable":true,"href":"https:\/\/www.atta45.se\/e-butik\/wp-json\/wp\/v2\/media\/305357"}],"wp:attachment":[{"href":"https:\/\/www.atta45.se\/e-butik\/wp-json\/wp\/v2\/media?parent=305356"}],"wp:term":[{"taxonomy":"product_brand","embeddable":true,"href":"https:\/\/www.atta45.se\/e-butik\/wp-json\/wp\/v2\/product_brand?post=305356"},{"taxonomy":"product_cat","embeddable":true,"href":"https:\/\/www.atta45.se\/e-butik\/wp-json\/wp\/v2\/product_cat?post=305356"},{"taxonomy":"product_tag","embeddable":true,"href":"https:\/\/www.atta45.se\/e-butik\/wp-json\/wp\/v2\/product_tag?post=305356"}],"curies":[{"name":"wp","href":"https:\/\/api.w.org\/{rel}","templated":true}]}}