{"id":305344,"date":"2025-04-17T01:07:20","date_gmt":"2025-04-16T23:07:20","guid":{"rendered":"https:\/\/www.atta45.se\/e-butik\/produkt\/kylvaska-faith-i-atervunnen-bomull-220-g-m%c2%b2\/"},"modified":"2025-10-27T21:09:27","modified_gmt":"2025-10-27T20:09:27","slug":"kylvaska-faith-i-atervunnen-bomull-220-g-m%c2%b2","status":"publish","type":"product","link":"https:\/\/www.atta45.se\/e-butik\/produkt\/kylvaska-faith-i-atervunnen-bomull-220-g-m%c2%b2\/","title":{"rendered":"Kylv\u00e4ska Faith i \u00e5tervunnen bomull (220 g\/m\u00b2)"},"content":{"rendered":"<p>Kylv\u00e4ska i \u00e5tervunnen bomull (220 g\/m\u00b2) med 3 mm EPE och 12C PEVA-foder inuti. Med kardborrest\u00e4ngning, en liten framficka och en kort b\u00e4rrem p\u00e5 toppen. Etikett av \u00e5tervunnen bomull medf\u00f6ljer p\u00e5 utsidan.<\/p>\n","protected":false},"excerpt":{"rendered":"<p>Kylv\u00e4ska i \u00e5tervunnen bomull (220 g\/m\u00b2) med 3 mm EPE och 12C PEVA-foder inuti. Med kardborrest\u00e4ngning, en liten framficka och en kort b\u00e4rrem p\u00e5 toppen. Etikett av \u00e5tervunnen bomull medf\u00f6ljer p\u00e5 utsidan.<\/p>\n","protected":false},"featured_media":305345,"template":"","meta":{"_acf_changed":false,"_seopress_robots_primary_cat":"","_seopress_titles_title":"","_seopress_titles_desc":"","_seopress_robots_index":""},"product_brand":[],"product_cat":[15],"product_tag":[],"class_list":{"0":"post-305344","1":"product","2":"type-product","3":"status-publish","4":"has-post-thumbnail","6":"product_cat-okategoriserad","7":"atta45_taxonomy-tema-inspiration-grona-intryck-eko-vaskor-sv","8":"atta45_taxonomy-tema-inspiration-grona-intryck-sv","9":"atta45_taxonomy-tema-inspiration-grona-intryck-kork-sv","10":"atta45_taxonomy-vaskor-resetillbehor-kylvaskor-sv","11":"atta45_taxonomy-fritid-kylvaskor-sv","12":"atta45_taxonomy-textil-vaskor-bagar-sv","13":"atta45_taxonomy-vaskor-resetillbehor-sv","15":"first","16":"instock","17":"taxable","18":"shipping-taxable","19":"purchasable","20":"product-type-variable"},"acf":[],"_links":{"self":[{"href":"https:\/\/www.atta45.se\/e-butik\/wp-json\/wp\/v2\/product\/305344","targetHints":{"allow":["GET"]}}],"collection":[{"href":"https:\/\/www.atta45.se\/e-butik\/wp-json\/wp\/v2\/product"}],"about":[{"href":"https:\/\/www.atta45.se\/e-butik\/wp-json\/wp\/v2\/types\/product"}],"wp:featuredmedia":[{"embeddable":true,"href":"https:\/\/www.atta45.se\/e-butik\/wp-json\/wp\/v2\/media\/305345"}],"wp:attachment":[{"href":"https:\/\/www.atta45.se\/e-butik\/wp-json\/wp\/v2\/media?parent=305344"}],"wp:term":[{"taxonomy":"product_brand","embeddable":true,"href":"https:\/\/www.atta45.se\/e-butik\/wp-json\/wp\/v2\/product_brand?post=305344"},{"taxonomy":"product_cat","embeddable":true,"href":"https:\/\/www.atta45.se\/e-butik\/wp-json\/wp\/v2\/product_cat?post=305344"},{"taxonomy":"product_tag","embeddable":true,"href":"https:\/\/www.atta45.se\/e-butik\/wp-json\/wp\/v2\/product_tag?post=305344"}],"curies":[{"name":"wp","href":"https:\/\/api.w.org\/{rel}","templated":true}]}}