{"id":305328,"date":"2025-04-17T01:05:15","date_gmt":"2025-04-16T23:05:15","guid":{"rendered":"https:\/\/www.atta45.se\/e-butik\/produkt\/kylvaska-for-flaska-atervunnen-bomull-270-g-m%c2%b2-eugene\/"},"modified":"2025-10-27T21:09:13","modified_gmt":"2025-10-27T20:09:13","slug":"kylvaska-for-flaska-atervunnen-bomull-270-g-m%c2%b2-eugene","status":"publish","type":"product","link":"https:\/\/www.atta45.se\/e-butik\/produkt\/kylvaska-for-flaska-atervunnen-bomull-270-g-m%c2%b2-eugene\/","title":{"rendered":"Kylv\u00e4ska f\u00f6r flaska, \u00e5tervunnen bomull (270 g\/m\u00b2) Eugene"},"content":{"rendered":"<p>Flaskkylv\u00e4ska i \u00e5tervunnen bomull (270 g\/m\u00b2) med 2 mm EPE och 12C PEVA-foder inuti. St\u00e4ngning med dragkedja. L\u00e5ng justerbar b\u00e4rrem. Kapacitet: 1,5-liters flaska. Etikett av \u00e5tervunnen bomull medf\u00f6ljer p\u00e5 utsidan.<\/p>\n","protected":false},"excerpt":{"rendered":"<p>Flaskkylv\u00e4ska i \u00e5tervunnen bomull (270 g\/m\u00b2) med 2 mm EPE och 12C PEVA-foder inuti. St\u00e4ngning med dragkedja. L\u00e5ng justerbar b\u00e4rrem. Kapacitet: 1,5-liters flaska. Etikett av \u00e5tervunnen bomull medf\u00f6ljer p\u00e5 utsidan.<\/p>\n","protected":false},"featured_media":305329,"template":"","meta":{"_acf_changed":false,"_seopress_robots_primary_cat":"","_seopress_titles_title":"","_seopress_titles_desc":"","_seopress_robots_index":""},"product_brand":[],"product_cat":[15],"product_tag":[],"class_list":{"0":"post-305328","1":"product","2":"type-product","3":"status-publish","4":"has-post-thumbnail","6":"product_cat-okategoriserad","7":"atta45_taxonomy-tema-inspiration-grona-intryck-eko-vaskor-sv","8":"atta45_taxonomy-tema-inspiration-grona-intryck-sv","9":"atta45_taxonomy-tema-inspiration-grona-intryck-kork-sv","10":"atta45_taxonomy-fritid-kylvaskor-sv","11":"atta45_taxonomy-vaskor-resetillbehor-kylvaskor-sv","12":"atta45_taxonomy-textil-vaskor-bagar-sv","13":"atta45_taxonomy-vaskor-resetillbehor-sv","14":"atta45_taxonomy-hem-hushall-vintillbehor-sv","16":"first","17":"instock","18":"taxable","19":"shipping-taxable","20":"purchasable","21":"product-type-variable"},"acf":[],"_links":{"self":[{"href":"https:\/\/www.atta45.se\/e-butik\/wp-json\/wp\/v2\/product\/305328","targetHints":{"allow":["GET"]}}],"collection":[{"href":"https:\/\/www.atta45.se\/e-butik\/wp-json\/wp\/v2\/product"}],"about":[{"href":"https:\/\/www.atta45.se\/e-butik\/wp-json\/wp\/v2\/types\/product"}],"wp:featuredmedia":[{"embeddable":true,"href":"https:\/\/www.atta45.se\/e-butik\/wp-json\/wp\/v2\/media\/305329"}],"wp:attachment":[{"href":"https:\/\/www.atta45.se\/e-butik\/wp-json\/wp\/v2\/media?parent=305328"}],"wp:term":[{"taxonomy":"product_brand","embeddable":true,"href":"https:\/\/www.atta45.se\/e-butik\/wp-json\/wp\/v2\/product_brand?post=305328"},{"taxonomy":"product_cat","embeddable":true,"href":"https:\/\/www.atta45.se\/e-butik\/wp-json\/wp\/v2\/product_cat?post=305328"},{"taxonomy":"product_tag","embeddable":true,"href":"https:\/\/www.atta45.se\/e-butik\/wp-json\/wp\/v2\/product_tag?post=305328"}],"curies":[{"name":"wp","href":"https:\/\/api.w.org\/{rel}","templated":true}]}}