{"id":305302,"date":"2025-04-17T01:02:14","date_gmt":"2025-04-16T23:02:14","guid":{"rendered":"https:\/\/www.atta45.se\/e-butik\/produkt\/hopfallbar-dricksflaska-i-silikon-550-ml-erin\/"},"modified":"2025-10-27T21:09:00","modified_gmt":"2025-10-27T20:09:00","slug":"hopfallbar-dricksflaska-i-silikon-550-ml-erin","status":"publish","type":"product","link":"https:\/\/www.atta45.se\/e-butik\/produkt\/hopfallbar-dricksflaska-i-silikon-550-ml-erin\/","title":{"rendered":"Hopf\u00e4llbar dricksflaska i silikon (550 ml) Erin"},"content":{"rendered":"<p>Hopf\u00e4llbar dricksflaska i silikon (550 ml) med lock i rostfritt st\u00e5l och karbinhake i aluminium.<\/p>\n","protected":false},"excerpt":{"rendered":"<p>Hopf\u00e4llbar dricksflaska i silikon (550 ml) med lock i rostfritt st\u00e5l och karbinhake i aluminium.<\/p>\n","protected":false},"featured_media":305303,"template":"","meta":{"_acf_changed":false,"_seopress_robots_primary_cat":"","_seopress_titles_title":"","_seopress_titles_desc":"","_seopress_robots_index":""},"product_brand":[],"product_cat":[15],"product_tag":[],"class_list":{"0":"post-305302","1":"product","2":"type-product","3":"status-publish","4":"has-post-thumbnail","6":"product_cat-okategoriserad","7":"atta45_taxonomy-flaskor-sv","8":"atta45_taxonomy-fritid-vattenflaskor-sv","10":"first","11":"instock","12":"taxable","13":"shipping-taxable","14":"purchasable","15":"product-type-variable"},"acf":[],"_links":{"self":[{"href":"https:\/\/www.atta45.se\/e-butik\/wp-json\/wp\/v2\/product\/305302","targetHints":{"allow":["GET"]}}],"collection":[{"href":"https:\/\/www.atta45.se\/e-butik\/wp-json\/wp\/v2\/product"}],"about":[{"href":"https:\/\/www.atta45.se\/e-butik\/wp-json\/wp\/v2\/types\/product"}],"wp:featuredmedia":[{"embeddable":true,"href":"https:\/\/www.atta45.se\/e-butik\/wp-json\/wp\/v2\/media\/305303"}],"wp:attachment":[{"href":"https:\/\/www.atta45.se\/e-butik\/wp-json\/wp\/v2\/media?parent=305302"}],"wp:term":[{"taxonomy":"product_brand","embeddable":true,"href":"https:\/\/www.atta45.se\/e-butik\/wp-json\/wp\/v2\/product_brand?post=305302"},{"taxonomy":"product_cat","embeddable":true,"href":"https:\/\/www.atta45.se\/e-butik\/wp-json\/wp\/v2\/product_cat?post=305302"},{"taxonomy":"product_tag","embeddable":true,"href":"https:\/\/www.atta45.se\/e-butik\/wp-json\/wp\/v2\/product_tag?post=305302"}],"curies":[{"name":"wp","href":"https:\/\/api.w.org\/{rel}","templated":true}]}}