{"id":305255,"date":"2025-04-17T00:56:39","date_gmt":"2025-04-16T22:56:39","guid":{"rendered":"https:\/\/www.atta45.se\/e-butik\/produkt\/verktygssats-i-kolstal-edna\/"},"modified":"2025-10-27T21:08:04","modified_gmt":"2025-10-27T20:08:04","slug":"verktygssats-i-kolstal-edna","status":"publish","type":"product","link":"https:\/\/www.atta45.se\/e-butik\/produkt\/verktygssats-i-kolstal-edna\/","title":{"rendered":"Verktygssats i kolst\u00e5l Edna"},"content":{"rendered":"<p>Verktygssats i kolst\u00e5l med bambudetaljer. Inneh\u00e5ller 7 verktyg: insexnycklar, stj\u00e4rnskruvmejsel och platt skruvmejsel. Individuellt f\u00f6rpackad i en brun kartong.<\/p>\n","protected":false},"excerpt":{"rendered":"<p>Verktygssats i kolst\u00e5l med bambudetaljer. Inneh\u00e5ller 7 verktyg: insexnycklar, stj\u00e4rnskruvmejsel och platt skruvmejsel. Individuellt f\u00f6rpackad i en brun kartong.<\/p>\n","protected":false},"featured_media":305256,"template":"","meta":{"_acf_changed":false,"_seopress_robots_primary_cat":"","_seopress_titles_title":"","_seopress_titles_desc":"","_seopress_robots_index":""},"product_brand":[],"product_cat":[15],"product_tag":[],"class_list":{"0":"post-305255","1":"product","2":"type-product","3":"status-publish","4":"has-post-thumbnail","6":"product_cat-okategoriserad","7":"atta45_taxonomy-tema-inspiration-grona-intryck-bambu-sv","8":"atta45_taxonomy-tema-inspiration-grona-intryck-eco-basic-sv","9":"atta45_taxonomy-tema-inspiration-grona-intryck-sv","10":"atta45_taxonomy-reflexer-verktyg-sakerhet-multiverktyg-sv","11":"atta45_taxonomy-reflexer-verktyg-sakerhet-verktyg-sv","13":"first","14":"instock","15":"taxable","16":"shipping-taxable","17":"purchasable","18":"product-type-variable"},"acf":[],"_links":{"self":[{"href":"https:\/\/www.atta45.se\/e-butik\/wp-json\/wp\/v2\/product\/305255","targetHints":{"allow":["GET"]}}],"collection":[{"href":"https:\/\/www.atta45.se\/e-butik\/wp-json\/wp\/v2\/product"}],"about":[{"href":"https:\/\/www.atta45.se\/e-butik\/wp-json\/wp\/v2\/types\/product"}],"wp:featuredmedia":[{"embeddable":true,"href":"https:\/\/www.atta45.se\/e-butik\/wp-json\/wp\/v2\/media\/305256"}],"wp:attachment":[{"href":"https:\/\/www.atta45.se\/e-butik\/wp-json\/wp\/v2\/media?parent=305255"}],"wp:term":[{"taxonomy":"product_brand","embeddable":true,"href":"https:\/\/www.atta45.se\/e-butik\/wp-json\/wp\/v2\/product_brand?post=305255"},{"taxonomy":"product_cat","embeddable":true,"href":"https:\/\/www.atta45.se\/e-butik\/wp-json\/wp\/v2\/product_cat?post=305255"},{"taxonomy":"product_tag","embeddable":true,"href":"https:\/\/www.atta45.se\/e-butik\/wp-json\/wp\/v2\/product_tag?post=305255"}],"curies":[{"name":"wp","href":"https:\/\/api.w.org\/{rel}","templated":true}]}}