{"id":305221,"date":"2025-04-17T00:52:35","date_gmt":"2025-04-16T22:52:35","guid":{"rendered":"https:\/\/www.atta45.se\/e-butik\/produkt\/abs-isskrapa-doug\/"},"modified":"2025-10-27T21:07:40","modified_gmt":"2025-10-27T20:07:40","slug":"abs-isskrapa-doug","status":"publish","type":"product","link":"https:\/\/www.atta45.se\/e-butik\/produkt\/abs-isskrapa-doug\/","title":{"rendered":"ABS isskrapa Doug"},"content":{"rendered":"<p>ABS isskrapa med en PET-borste och ett handtag i boktr\u00e4. Individuellt f\u00f6rpackad i en \u00e5tervunnen polyp\u00e5se.<\/p>\n","protected":false},"excerpt":{"rendered":"<p>ABS isskrapa med en PET-borste och ett handtag i boktr\u00e4. Individuellt f\u00f6rpackad i en \u00e5tervunnen polyp\u00e5se.<\/p>\n","protected":false},"featured_media":305222,"template":"","meta":{"_acf_changed":false,"_seopress_robots_primary_cat":"","_seopress_titles_title":"","_seopress_titles_desc":"","_seopress_robots_index":""},"product_brand":[],"product_cat":[15],"product_tag":[],"class_list":{"0":"post-305221","1":"product","2":"type-product","3":"status-publish","4":"has-post-thumbnail","6":"product_cat-okategoriserad","7":"atta45_taxonomy-reflexer-verktyg-sakerhet-biltillbehor-sv","8":"atta45_taxonomy-paraply-sv","10":"first","11":"instock","12":"taxable","13":"shipping-taxable","14":"purchasable","15":"product-type-variable"},"acf":[],"_links":{"self":[{"href":"https:\/\/www.atta45.se\/e-butik\/wp-json\/wp\/v2\/product\/305221","targetHints":{"allow":["GET"]}}],"collection":[{"href":"https:\/\/www.atta45.se\/e-butik\/wp-json\/wp\/v2\/product"}],"about":[{"href":"https:\/\/www.atta45.se\/e-butik\/wp-json\/wp\/v2\/types\/product"}],"wp:featuredmedia":[{"embeddable":true,"href":"https:\/\/www.atta45.se\/e-butik\/wp-json\/wp\/v2\/media\/305222"}],"wp:attachment":[{"href":"https:\/\/www.atta45.se\/e-butik\/wp-json\/wp\/v2\/media?parent=305221"}],"wp:term":[{"taxonomy":"product_brand","embeddable":true,"href":"https:\/\/www.atta45.se\/e-butik\/wp-json\/wp\/v2\/product_brand?post=305221"},{"taxonomy":"product_cat","embeddable":true,"href":"https:\/\/www.atta45.se\/e-butik\/wp-json\/wp\/v2\/product_cat?post=305221"},{"taxonomy":"product_tag","embeddable":true,"href":"https:\/\/www.atta45.se\/e-butik\/wp-json\/wp\/v2\/product_tag?post=305221"}],"curies":[{"name":"wp","href":"https:\/\/api.w.org\/{rel}","templated":true}]}}