{"id":305196,"date":"2025-04-17T00:50:35","date_gmt":"2025-04-16T22:50:35","guid":{"rendered":"https:\/\/www.atta45.se\/e-butik\/produkt\/abs-mattband-dorothy\/"},"modified":"2025-10-27T21:07:28","modified_gmt":"2025-10-27T20:07:28","slug":"abs-mattband-dorothy","status":"publish","type":"product","link":"https:\/\/www.atta45.se\/e-butik\/produkt\/abs-mattband-dorothy\/","title":{"rendered":"ABS m\u00e5ttband Dorothy"},"content":{"rendered":"<p>ABS-m\u00e5ttband med ett polyesterarmband. 3 meter l\u00e5ngt. Tejp av metall (16 mm), tryckt med b\u00e5de centimeter och tum. Inkluderar en tryckknapp med l\u00e5s. Individuellt f\u00f6rpackad i en brun kartong.<\/p>\n","protected":false},"excerpt":{"rendered":"<p>ABS-m\u00e5ttband med ett polyesterarmband. 3 meter l\u00e5ngt. Tejp av metall (16 mm), tryckt med b\u00e5de centimeter och tum. Inkluderar en tryckknapp med l\u00e5s. Individuellt f\u00f6rpackad i en brun kartong.<\/p>\n","protected":false},"featured_media":305197,"template":"","meta":{"_acf_changed":false,"_seopress_robots_primary_cat":"","_seopress_titles_title":"","_seopress_titles_desc":"","_seopress_robots_index":""},"product_brand":[],"product_cat":[15],"product_tag":[],"class_list":{"0":"post-305196","1":"product","2":"type-product","3":"status-publish","4":"has-post-thumbnail","6":"product_cat-okategoriserad","7":"atta45_taxonomy-elektronik-kontor-matinstrument-sv","8":"atta45_taxonomy-reflexer-verktyg-sakerhet-mattband-sv","9":"atta45_taxonomy-reflexer-verktyg-sakerhet-verktyg-sv","11":"first","12":"instock","13":"taxable","14":"shipping-taxable","15":"purchasable","16":"product-type-variable"},"acf":[],"_links":{"self":[{"href":"https:\/\/www.atta45.se\/e-butik\/wp-json\/wp\/v2\/product\/305196","targetHints":{"allow":["GET"]}}],"collection":[{"href":"https:\/\/www.atta45.se\/e-butik\/wp-json\/wp\/v2\/product"}],"about":[{"href":"https:\/\/www.atta45.se\/e-butik\/wp-json\/wp\/v2\/types\/product"}],"wp:featuredmedia":[{"embeddable":true,"href":"https:\/\/www.atta45.se\/e-butik\/wp-json\/wp\/v2\/media\/305197"}],"wp:attachment":[{"href":"https:\/\/www.atta45.se\/e-butik\/wp-json\/wp\/v2\/media?parent=305196"}],"wp:term":[{"taxonomy":"product_brand","embeddable":true,"href":"https:\/\/www.atta45.se\/e-butik\/wp-json\/wp\/v2\/product_brand?post=305196"},{"taxonomy":"product_cat","embeddable":true,"href":"https:\/\/www.atta45.se\/e-butik\/wp-json\/wp\/v2\/product_cat?post=305196"},{"taxonomy":"product_tag","embeddable":true,"href":"https:\/\/www.atta45.se\/e-butik\/wp-json\/wp\/v2\/product_tag?post=305196"}],"curies":[{"name":"wp","href":"https:\/\/api.w.org\/{rel}","templated":true}]}}