{"id":305155,"date":"2025-04-17T00:44:14","date_gmt":"2025-04-16T22:44:14","guid":{"rendered":"https:\/\/www.atta45.se\/e-butik\/produkt\/600d-duffelvaska-i-atervunnen-polyester-desmond\/"},"modified":"2025-10-27T21:06:47","modified_gmt":"2025-10-27T20:06:47","slug":"600d-duffelvaska-i-atervunnen-polyester-desmond","status":"publish","type":"product","link":"https:\/\/www.atta45.se\/e-butik\/produkt\/600d-duffelvaska-i-atervunnen-polyester-desmond\/","title":{"rendered":"600D duffelv\u00e4ska i \u00e5tervunnen polyester Desmond"},"content":{"rendered":"<p>Duffelv\u00e4ska i 600D \u00e5tervunnen polyester med 150D PU-foder och detaljer i PU-l\u00e4der. Med 4 mm skum p\u00e5 insidan och en 1 mm PE-skiva. Inkluderar ett litet fack med dragkedja p\u00e5 framsidan, ett stort fack med dragkedja och en skoficka p\u00e5 sidan. Justerbar axelrem och tv\u00e5 stora b\u00e4rhandtag. Inkluderar en rPET-etikett p\u00e5 framsidan.<\/p>\n","protected":false},"excerpt":{"rendered":"<p>Duffelv\u00e4ska i 600D \u00e5tervunnen polyester med 150D PU-foder och detaljer i PU-l\u00e4der. Med 4 mm skum p\u00e5 insidan och en 1 mm PE-skiva. Inkluderar ett litet fack med dragkedja p\u00e5 framsidan, ett stort fack med dragkedja och en skoficka p\u00e5 sidan. Justerbar axelrem och tv\u00e5 stora b\u00e4rhandtag. Inkluderar en rPET-etikett p\u00e5 framsidan.<\/p>\n","protected":false},"featured_media":305156,"template":"","meta":{"_acf_changed":false,"_seopress_robots_primary_cat":"","_seopress_titles_title":"","_seopress_titles_desc":"","_seopress_robots_index":""},"product_brand":[],"product_cat":[15],"product_tag":[],"class_list":{"0":"post-305155","1":"product","2":"type-product","3":"status-publish","4":"has-post-thumbnail","6":"product_cat-okategoriserad","7":"atta45_taxonomy-tema-inspiration-grona-intryck-eko-vaskor-sv","8":"atta45_taxonomy-tema-inspiration-grona-intryck-sv","9":"atta45_taxonomy-kassar-pasar-kassar-sv","10":"atta45_taxonomy-textil-organiskt-sv","11":"atta45_taxonomy-textil-sport-performance-sv","12":"atta45_taxonomy-fritid-sportartiklar-sv","13":"atta45_taxonomy-vaskor-resetillbehor-sport-resvaskor-sv","14":"atta45_taxonomy-textil-vaskor-bagar-sv","15":"atta45_taxonomy-vaskor-resetillbehor-sv","17":"first","18":"instock","19":"taxable","20":"shipping-taxable","21":"purchasable","22":"product-type-variable"},"acf":[],"_links":{"self":[{"href":"https:\/\/www.atta45.se\/e-butik\/wp-json\/wp\/v2\/product\/305155","targetHints":{"allow":["GET"]}}],"collection":[{"href":"https:\/\/www.atta45.se\/e-butik\/wp-json\/wp\/v2\/product"}],"about":[{"href":"https:\/\/www.atta45.se\/e-butik\/wp-json\/wp\/v2\/types\/product"}],"wp:featuredmedia":[{"embeddable":true,"href":"https:\/\/www.atta45.se\/e-butik\/wp-json\/wp\/v2\/media\/305156"}],"wp:attachment":[{"href":"https:\/\/www.atta45.se\/e-butik\/wp-json\/wp\/v2\/media?parent=305155"}],"wp:term":[{"taxonomy":"product_brand","embeddable":true,"href":"https:\/\/www.atta45.se\/e-butik\/wp-json\/wp\/v2\/product_brand?post=305155"},{"taxonomy":"product_cat","embeddable":true,"href":"https:\/\/www.atta45.se\/e-butik\/wp-json\/wp\/v2\/product_cat?post=305155"},{"taxonomy":"product_tag","embeddable":true,"href":"https:\/\/www.atta45.se\/e-butik\/wp-json\/wp\/v2\/product_tag?post=305155"}],"curies":[{"name":"wp","href":"https:\/\/api.w.org\/{rel}","templated":true}]}}