{"id":305140,"date":"2025-04-17T00:41:13","date_gmt":"2025-04-16T22:41:13","guid":{"rendered":"https:\/\/www.atta45.se\/e-butik\/produkt\/600d-polyester-canvas-15-tums-laptop-ryggsack-dennis\/"},"modified":"2025-10-27T21:06:34","modified_gmt":"2025-10-27T20:06:34","slug":"600d-polyester-canvas-15-tums-laptop-ryggsack-dennis","status":"publish","type":"product","link":"https:\/\/www.atta45.se\/e-butik\/produkt\/600d-polyester-canvas-15-tums-laptop-ryggsack-dennis\/","title":{"rendered":"600D polyester canvas 15 tums laptop ryggs\u00e4ck Dennis"},"content":{"rendered":"<p>Laptopryggs\u00e4ck i polyestercanvas i 600D (15 tum) med PVC-detaljer och 210D-foder. Har en liten framficka med dragkedja och en karbinhake f\u00f6r nycklar, ett sidofack med dragkedja, en vanlig sidoficka och ett stort fack med magnetst\u00e4ngning och en ficka f\u00f6r b\u00e4rbar dator. Tryckknappar p\u00e5 sidan f\u00f6r att st\u00e4nga ryggs\u00e4cken n\u00e4r den inte \u00e4r helt fylld. Justerbara ventilerade remmar. Inkluderar en rPET-etikett p\u00e5 framsidan.<\/p>\n","protected":false},"excerpt":{"rendered":"<p>Laptopryggs\u00e4ck i polyestercanvas i 600D (15 tum) med PVC-detaljer och 210D-foder. Har en liten framficka med dragkedja och en karbinhake f\u00f6r nycklar, ett sidofack med dragkedja, en vanlig sidoficka och ett stort fack med magnetst\u00e4ngning och en ficka f\u00f6r b\u00e4rbar dator. Tryckknappar p\u00e5 sidan f\u00f6r att st\u00e4nga ryggs\u00e4cken n\u00e4r den inte \u00e4r helt fylld. Justerbara [&hellip;]<\/p>\n","protected":false},"featured_media":305141,"template":"","meta":{"_acf_changed":false,"_seopress_robots_primary_cat":"","_seopress_titles_title":"","_seopress_titles_desc":"","_seopress_robots_index":""},"product_brand":[],"product_cat":[15],"product_tag":[],"class_list":{"0":"post-305140","1":"product","2":"type-product","3":"status-publish","4":"has-post-thumbnail","6":"product_cat-okategoriserad","7":"atta45_taxonomy-elektronik-kontor-datortillbehor-sv","8":"atta45_taxonomy-textil-kontor-foretag-sv","9":"atta45_taxonomy-vaskor-resetillbehor-laptopvaskor-sv","10":"atta45_taxonomy-vaskor-resetillbehor-portfoljer-sv","11":"atta45_taxonomy-elektronik-kontor-portfoljer-sv","12":"atta45_taxonomy-vaskor-resetillbehor-ryggsackar-sv","13":"atta45_taxonomy-vaskor-resetillbehor-ryggsackar-axelremsvaskor-sv","14":"atta45_taxonomy-textil-vaskor-bagar-sv","15":"atta45_taxonomy-vaskor-resetillbehor-sv","17":"first","18":"instock","19":"taxable","20":"shipping-taxable","21":"purchasable","22":"product-type-variable"},"acf":[],"_links":{"self":[{"href":"https:\/\/www.atta45.se\/e-butik\/wp-json\/wp\/v2\/product\/305140","targetHints":{"allow":["GET"]}}],"collection":[{"href":"https:\/\/www.atta45.se\/e-butik\/wp-json\/wp\/v2\/product"}],"about":[{"href":"https:\/\/www.atta45.se\/e-butik\/wp-json\/wp\/v2\/types\/product"}],"wp:featuredmedia":[{"embeddable":true,"href":"https:\/\/www.atta45.se\/e-butik\/wp-json\/wp\/v2\/media\/305141"}],"wp:attachment":[{"href":"https:\/\/www.atta45.se\/e-butik\/wp-json\/wp\/v2\/media?parent=305140"}],"wp:term":[{"taxonomy":"product_brand","embeddable":true,"href":"https:\/\/www.atta45.se\/e-butik\/wp-json\/wp\/v2\/product_brand?post=305140"},{"taxonomy":"product_cat","embeddable":true,"href":"https:\/\/www.atta45.se\/e-butik\/wp-json\/wp\/v2\/product_cat?post=305140"},{"taxonomy":"product_tag","embeddable":true,"href":"https:\/\/www.atta45.se\/e-butik\/wp-json\/wp\/v2\/product_tag?post=305140"}],"curies":[{"name":"wp","href":"https:\/\/api.w.org\/{rel}","templated":true}]}}