{"id":305112,"date":"2025-04-17T00:39:15","date_gmt":"2025-04-16T22:39:15","guid":{"rendered":"https:\/\/www.atta45.se\/e-butik\/produkt\/kulspetspenna-i-atervunnen-kartong-debra\/"},"modified":"2025-10-27T21:06:22","modified_gmt":"2025-10-27T20:06:22","slug":"kulspetspenna-i-atervunnen-kartong-debra","status":"publish","type":"product","link":"https:\/\/www.atta45.se\/e-butik\/produkt\/kulspetspenna-i-atervunnen-kartong-debra\/","title":{"rendered":"Kulspetspenna i \u00e5tervunnen kartong Debra"},"content":{"rendered":"<p>Kulspetspenna i \u00e5tervunnen kartong med kromdetaljer. Spets och tryckknapp i plast och metallkl\u00e4mma. Ca 800 meters skrivl\u00e4ngd. Svart bl\u00e4ck.<\/p>\n","protected":false},"excerpt":{"rendered":"<p>Kulspetspenna i \u00e5tervunnen kartong med kromdetaljer. Spets och tryckknapp i plast och metallkl\u00e4mma. Ca 800 meters skrivl\u00e4ngd. Svart bl\u00e4ck.<\/p>\n","protected":false},"featured_media":305113,"template":"","meta":{"_acf_changed":false,"_seopress_robots_primary_cat":"","_seopress_titles_title":"","_seopress_titles_desc":"","_seopress_robots_index":""},"product_brand":[],"product_cat":[15],"product_tag":[],"class_list":{"0":"post-305112","1":"product","2":"type-product","3":"status-publish","4":"has-post-thumbnail","6":"product_cat-okategoriserad","7":"atta45_taxonomy-tema-inspiration-grona-intryck-sv","8":"atta45_taxonomy-tema-inspiration-grona-intryck-kartong-sv","9":"atta45_taxonomy-pennor-sv","10":"atta45_taxonomy-pennor-pennor-sv","11":"atta45_taxonomy-elektronik-kontor-pennor-sv","13":"first","14":"instock","15":"taxable","16":"shipping-taxable","17":"purchasable","18":"product-type-variable"},"acf":[],"_links":{"self":[{"href":"https:\/\/www.atta45.se\/e-butik\/wp-json\/wp\/v2\/product\/305112","targetHints":{"allow":["GET"]}}],"collection":[{"href":"https:\/\/www.atta45.se\/e-butik\/wp-json\/wp\/v2\/product"}],"about":[{"href":"https:\/\/www.atta45.se\/e-butik\/wp-json\/wp\/v2\/types\/product"}],"wp:featuredmedia":[{"embeddable":true,"href":"https:\/\/www.atta45.se\/e-butik\/wp-json\/wp\/v2\/media\/305113"}],"wp:attachment":[{"href":"https:\/\/www.atta45.se\/e-butik\/wp-json\/wp\/v2\/media?parent=305112"}],"wp:term":[{"taxonomy":"product_brand","embeddable":true,"href":"https:\/\/www.atta45.se\/e-butik\/wp-json\/wp\/v2\/product_brand?post=305112"},{"taxonomy":"product_cat","embeddable":true,"href":"https:\/\/www.atta45.se\/e-butik\/wp-json\/wp\/v2\/product_cat?post=305112"},{"taxonomy":"product_tag","embeddable":true,"href":"https:\/\/www.atta45.se\/e-butik\/wp-json\/wp\/v2\/product_tag?post=305112"}],"curies":[{"name":"wp","href":"https:\/\/api.w.org\/{rel}","templated":true}]}}