{"id":305086,"date":"2025-04-17T00:38:15","date_gmt":"2025-04-16T22:38:15","guid":{"rendered":"https:\/\/www.atta45.se\/e-butik\/produkt\/kulspetspenna-fyra-farger-i-atervunnen-kartong-deborah\/"},"modified":"2025-10-27T21:06:07","modified_gmt":"2025-10-27T20:06:07","slug":"kulspetspenna-fyra-farger-i-atervunnen-kartong-deborah","status":"publish","type":"product","link":"https:\/\/www.atta45.se\/e-butik\/produkt\/kulspetspenna-fyra-farger-i-atervunnen-kartong-deborah\/","title":{"rendered":"Kulspetspenna fyra f\u00e4rger i \u00e5tervunnen kartong Deborah"},"content":{"rendered":"<p>\u00c5tervunnen kartong och vetehalm fyrf\u00e4rgad kulspetspenna. Ca 300 meter skrivl\u00e4ngd per f\u00e4rg. Bl\u00e4ckp\u00e5fyllningsf\u00e4rger: bl\u00e5tt, svart, r\u00f6tt och gr\u00f6nt.<\/p>\n","protected":false},"excerpt":{"rendered":"<p>\u00c5tervunnen kartong och vetehalm fyrf\u00e4rgad kulspetspenna. Ca 300 meter skrivl\u00e4ngd per f\u00e4rg. Bl\u00e4ckp\u00e5fyllningsf\u00e4rger: bl\u00e5tt, svart, r\u00f6tt och gr\u00f6nt.<\/p>\n","protected":false},"featured_media":305087,"template":"","meta":{"_acf_changed":false,"_seopress_robots_primary_cat":"","_seopress_titles_title":"","_seopress_titles_desc":"","_seopress_robots_index":""},"product_brand":[],"product_cat":[15],"product_tag":[],"class_list":{"0":"post-305086","1":"product","2":"type-product","3":"status-publish","4":"has-post-thumbnail","6":"product_cat-okategoriserad","7":"atta45_taxonomy-tema-inspiration-grona-intryck-sv","8":"atta45_taxonomy-pennor-sv","9":"atta45_taxonomy-pennor-pennor-sv","10":"atta45_taxonomy-elektronik-kontor-pennor-sv","12":"first","13":"instock","14":"taxable","15":"shipping-taxable","16":"purchasable","17":"product-type-variable"},"acf":[],"_links":{"self":[{"href":"https:\/\/www.atta45.se\/e-butik\/wp-json\/wp\/v2\/product\/305086","targetHints":{"allow":["GET"]}}],"collection":[{"href":"https:\/\/www.atta45.se\/e-butik\/wp-json\/wp\/v2\/product"}],"about":[{"href":"https:\/\/www.atta45.se\/e-butik\/wp-json\/wp\/v2\/types\/product"}],"wp:featuredmedia":[{"embeddable":true,"href":"https:\/\/www.atta45.se\/e-butik\/wp-json\/wp\/v2\/media\/305087"}],"wp:attachment":[{"href":"https:\/\/www.atta45.se\/e-butik\/wp-json\/wp\/v2\/media?parent=305086"}],"wp:term":[{"taxonomy":"product_brand","embeddable":true,"href":"https:\/\/www.atta45.se\/e-butik\/wp-json\/wp\/v2\/product_brand?post=305086"},{"taxonomy":"product_cat","embeddable":true,"href":"https:\/\/www.atta45.se\/e-butik\/wp-json\/wp\/v2\/product_cat?post=305086"},{"taxonomy":"product_tag","embeddable":true,"href":"https:\/\/www.atta45.se\/e-butik\/wp-json\/wp\/v2\/product_tag?post=305086"}],"curies":[{"name":"wp","href":"https:\/\/api.w.org\/{rel}","templated":true}]}}