{"id":305052,"date":"2025-04-17T00:35:15","date_gmt":"2025-04-16T22:35:15","guid":{"rendered":"https:\/\/www.atta45.se\/e-butik\/produkt\/bambu-kulspetspenna-darren\/"},"modified":"2025-10-27T21:05:39","modified_gmt":"2025-10-27T20:05:39","slug":"bambu-kulspetspenna-darren","status":"publish","type":"product","link":"https:\/\/www.atta45.se\/e-butik\/produkt\/bambu-kulspetspenna-darren\/","title":{"rendered":"Bambu kulspetspenna Darren"},"content":{"rendered":"<p>Kulspetspenna i bambu med detaljer i krom metall. Spets i kromplast och en metallkl\u00e4mma. F\u00e4rgad penna p\u00e5 tryckknappen. Ca 800 meters skrivl\u00e4ngd. Bl\u00e5tt bl\u00e4ck.<\/p>\n","protected":false},"excerpt":{"rendered":"<p>Kulspetspenna i bambu med detaljer i krom metall. Spets i kromplast och en metallkl\u00e4mma. F\u00e4rgad penna p\u00e5 tryckknappen. Ca 800 meters skrivl\u00e4ngd. Bl\u00e5tt bl\u00e4ck.<\/p>\n","protected":false},"featured_media":305053,"template":"","meta":{"_acf_changed":false,"_seopress_robots_primary_cat":"","_seopress_titles_title":"","_seopress_titles_desc":"","_seopress_robots_index":""},"product_brand":[],"product_cat":[15],"product_tag":[],"class_list":{"0":"post-305052","1":"product","2":"type-product","3":"status-publish","4":"has-post-thumbnail","6":"product_cat-okategoriserad","7":"atta45_taxonomy-tema-inspiration-grona-intryck-bambu-sv","8":"atta45_taxonomy-tema-inspiration-grona-intryck-sv","9":"atta45_taxonomy-pennor-pennor-sv","10":"atta45_taxonomy-pennor-sv","11":"atta45_taxonomy-elektronik-kontor-pennor-sv","12":"atta45_taxonomy-elektronik-kontor-stylus-touchscreen-sv","13":"atta45_taxonomy-pennor-stylus-touchscreen-sv","15":"first","16":"instock","17":"taxable","18":"shipping-taxable","19":"purchasable","20":"product-type-variable"},"acf":[],"_links":{"self":[{"href":"https:\/\/www.atta45.se\/e-butik\/wp-json\/wp\/v2\/product\/305052","targetHints":{"allow":["GET"]}}],"collection":[{"href":"https:\/\/www.atta45.se\/e-butik\/wp-json\/wp\/v2\/product"}],"about":[{"href":"https:\/\/www.atta45.se\/e-butik\/wp-json\/wp\/v2\/types\/product"}],"wp:featuredmedia":[{"embeddable":true,"href":"https:\/\/www.atta45.se\/e-butik\/wp-json\/wp\/v2\/media\/305053"}],"wp:attachment":[{"href":"https:\/\/www.atta45.se\/e-butik\/wp-json\/wp\/v2\/media?parent=305052"}],"wp:term":[{"taxonomy":"product_brand","embeddable":true,"href":"https:\/\/www.atta45.se\/e-butik\/wp-json\/wp\/v2\/product_brand?post=305052"},{"taxonomy":"product_cat","embeddable":true,"href":"https:\/\/www.atta45.se\/e-butik\/wp-json\/wp\/v2\/product_cat?post=305052"},{"taxonomy":"product_tag","embeddable":true,"href":"https:\/\/www.atta45.se\/e-butik\/wp-json\/wp\/v2\/product_tag?post=305052"}],"curies":[{"name":"wp","href":"https:\/\/api.w.org\/{rel}","templated":true}]}}