{"id":305033,"date":"2025-04-17T00:34:15","date_gmt":"2025-04-16T22:34:15","guid":{"rendered":"https:\/\/www.atta45.se\/e-butik\/produkt\/abs-mini-cob-blixtlampa-dan\/"},"modified":"2025-10-27T21:04:35","modified_gmt":"2025-10-27T20:04:35","slug":"abs-mini-cob-blixtlampa-dan","status":"publish","type":"product","link":"https:\/\/www.atta45.se\/e-butik\/produkt\/abs-mini-cob-blixtlampa-dan\/","title":{"rendered":"Blixtlampa ABS mini COB  Dan"},"content":{"rendered":"<p>ABS mini COB ficklampa (300 lumen) med magnet och stativfunktion. Uppladdningsbar med en USB Type-C-laddare. Har 3 ljusl\u00e4gen: h\u00f6g, medium och blixt. Individuellt f\u00f6rpackad i en brun kartong.<\/p>\n","protected":false},"excerpt":{"rendered":"<p>ABS mini COB ficklampa (300 lumen) med magnet och stativfunktion. Uppladdningsbar med en USB Type-C-laddare. Har 3 ljusl\u00e4gen: h\u00f6g, medium och blixt. Individuellt f\u00f6rpackad i en brun kartong.<\/p>\n","protected":false},"featured_media":305034,"template":"","meta":{"_acf_changed":false,"_seopress_robots_primary_cat":"","_seopress_titles_title":"","_seopress_titles_desc":"","_seopress_robots_index":""},"product_brand":[],"product_cat":[15],"product_tag":[],"class_list":{"0":"post-305033","1":"product","2":"type-product","3":"status-publish","4":"has-post-thumbnail","6":"product_cat-okategoriserad","7":"atta45_taxonomy-reflexer-verktyg-sakerhet-biltillbehor-sv","8":"atta45_taxonomy-tema-inspiration-branscher-sv","9":"atta45_taxonomy-tema-inspiration-branscher-fordonsindustrin-sv","10":"atta45_taxonomy-tema-inspiration-branscher-konstruktion-sv","11":"atta45_taxonomy-reflexer-verktyg-sakerhet-lampor-sv","12":"atta45_taxonomy-praktiska-ting-lampor-sv","13":"atta45_taxonomy-tema-inspiration-ogonblick-pa-vagen-sv","14":"atta45_taxonomy-tema-inspiration-sv","16":"first","17":"instock","18":"taxable","19":"shipping-taxable","20":"purchasable","21":"product-type-variable"},"acf":[],"_links":{"self":[{"href":"https:\/\/www.atta45.se\/e-butik\/wp-json\/wp\/v2\/product\/305033","targetHints":{"allow":["GET"]}}],"collection":[{"href":"https:\/\/www.atta45.se\/e-butik\/wp-json\/wp\/v2\/product"}],"about":[{"href":"https:\/\/www.atta45.se\/e-butik\/wp-json\/wp\/v2\/types\/product"}],"wp:featuredmedia":[{"embeddable":true,"href":"https:\/\/www.atta45.se\/e-butik\/wp-json\/wp\/v2\/media\/305034"}],"wp:attachment":[{"href":"https:\/\/www.atta45.se\/e-butik\/wp-json\/wp\/v2\/media?parent=305033"}],"wp:term":[{"taxonomy":"product_brand","embeddable":true,"href":"https:\/\/www.atta45.se\/e-butik\/wp-json\/wp\/v2\/product_brand?post=305033"},{"taxonomy":"product_cat","embeddable":true,"href":"https:\/\/www.atta45.se\/e-butik\/wp-json\/wp\/v2\/product_cat?post=305033"},{"taxonomy":"product_tag","embeddable":true,"href":"https:\/\/www.atta45.se\/e-butik\/wp-json\/wp\/v2\/product_tag?post=305033"}],"curies":[{"name":"wp","href":"https:\/\/api.w.org\/{rel}","templated":true}]}}