{"id":305021,"date":"2025-04-17T00:33:14","date_gmt":"2025-04-16T22:33:14","guid":{"rendered":"https:\/\/www.atta45.se\/e-butik\/produkt\/pp-visselpipa-damon\/"},"modified":"2025-10-27T21:04:20","modified_gmt":"2025-10-27T20:04:20","slug":"pp-visselpipa-damon","status":"publish","type":"product","link":"https:\/\/www.atta45.se\/e-butik\/produkt\/pp-visselpipa-damon\/","title":{"rendered":"PP visselpipa Damon"},"content":{"rendered":"<p>PP visselpipa (90 dB) med kompass och termometer p\u00e5 sidan. Termometern visas i Celsius. Inkluderar en 100 cm halssn\u00f6re av polyester med ABS-s\u00e4kerhetssp\u00e4nne. Individuellt f\u00f6rpackad i brun kartong.<\/p>\n","protected":false},"excerpt":{"rendered":"<p>PP visselpipa (90 dB) med kompass och termometer p\u00e5 sidan. Termometern visas i Celsius. Inkluderar en 100 cm halssn\u00f6re av polyester med ABS-s\u00e4kerhetssp\u00e4nne. Individuellt f\u00f6rpackad i brun kartong.<\/p>\n","protected":false},"featured_media":305022,"template":"","meta":{"_acf_changed":false,"_seopress_robots_primary_cat":"","_seopress_titles_title":"","_seopress_titles_desc":"","_seopress_robots_index":""},"product_brand":[],"product_cat":[15],"product_tag":[],"class_list":{"0":"post-305021","1":"product","2":"type-product","3":"status-publish","4":"has-post-thumbnail","6":"product_cat-okategoriserad","7":"atta45_taxonomy-fritid-sv","8":"atta45_taxonomy-tema-inspiration-ogonblick-sv","9":"atta45_taxonomy-fritid-overlevnadsprodukter-sv","10":"atta45_taxonomy-reflexer-verktyg-sakerhet-overlevnadsprodukter-sv","11":"atta45_taxonomy-tema-inspiration-branscher-rekreation-sv","12":"atta45_taxonomy-fritid-sportartiklar-sv","13":"atta45_taxonomy-tema-inspiration-ogonblick-sporthandelser-sv","14":"atta45_taxonomy-tema-inspiration-sv","16":"first","17":"instock","18":"taxable","19":"shipping-taxable","20":"purchasable","21":"product-type-variable"},"acf":[],"_links":{"self":[{"href":"https:\/\/www.atta45.se\/e-butik\/wp-json\/wp\/v2\/product\/305021","targetHints":{"allow":["GET"]}}],"collection":[{"href":"https:\/\/www.atta45.se\/e-butik\/wp-json\/wp\/v2\/product"}],"about":[{"href":"https:\/\/www.atta45.se\/e-butik\/wp-json\/wp\/v2\/types\/product"}],"wp:featuredmedia":[{"embeddable":true,"href":"https:\/\/www.atta45.se\/e-butik\/wp-json\/wp\/v2\/media\/305022"}],"wp:attachment":[{"href":"https:\/\/www.atta45.se\/e-butik\/wp-json\/wp\/v2\/media?parent=305021"}],"wp:term":[{"taxonomy":"product_brand","embeddable":true,"href":"https:\/\/www.atta45.se\/e-butik\/wp-json\/wp\/v2\/product_brand?post=305021"},{"taxonomy":"product_cat","embeddable":true,"href":"https:\/\/www.atta45.se\/e-butik\/wp-json\/wp\/v2\/product_cat?post=305021"},{"taxonomy":"product_tag","embeddable":true,"href":"https:\/\/www.atta45.se\/e-butik\/wp-json\/wp\/v2\/product_tag?post=305021"}],"curies":[{"name":"wp","href":"https:\/\/api.w.org\/{rel}","templated":true}]}}