{"id":304940,"date":"2025-04-17T00:27:14","date_gmt":"2025-04-16T22:27:14","guid":{"rendered":"https:\/\/www.atta45.se\/e-butik\/produkt\/rpet-190t-paraply-curtis\/"},"modified":"2025-10-27T21:03:43","modified_gmt":"2025-10-27T20:03:43","slug":"rpet-190t-paraply-curtis","status":"publish","type":"product","link":"https:\/\/www.atta45.se\/e-butik\/produkt\/rpet-190t-paraply-curtis\/","title":{"rendered":"Paraply rPET 190T Curtis"},"content":{"rendered":"<p>rPET 190T hopf\u00e4llbart automatiskt paraply (27 tum) med \u00e5tta paneler och en ram av glasfiber. Tryckknapp f\u00f6r att \u00f6ppna och st\u00e4nga, med en rPET-etikett p\u00e5 kardborref\u00f6rslutningen. Inkluderar p\u00e5se. Vindt\u00e4t.<\/p>\n","protected":false},"excerpt":{"rendered":"<p>rPET 190T hopf\u00e4llbart automatiskt paraply (27 tum) med \u00e5tta paneler och en ram av glasfiber. Tryckknapp f\u00f6r att \u00f6ppna och st\u00e4nga, med en rPET-etikett p\u00e5 kardborref\u00f6rslutningen. Inkluderar p\u00e5se. Vindt\u00e4t.<\/p>\n","protected":false},"featured_media":304941,"template":"","meta":{"_acf_changed":false,"_seopress_robots_primary_cat":"","_seopress_titles_title":"","_seopress_titles_desc":"","_seopress_robots_index":""},"product_brand":[],"product_cat":[15],"product_tag":[],"class_list":{"0":"post-304940","1":"product","2":"type-product","3":"status-publish","4":"has-post-thumbnail","6":"product_cat-okategoriserad","7":"atta45_taxonomy-tema-inspiration-grona-intryck-eco-basic-sv","8":"atta45_taxonomy-tema-inspiration-grona-intryck-sv","9":"atta45_taxonomy-paraply-sv","10":"atta45_taxonomy-paraply-standard-paraplyer-sv","12":"first","13":"instock","14":"taxable","15":"shipping-taxable","16":"purchasable","17":"product-type-variable"},"acf":[],"_links":{"self":[{"href":"https:\/\/www.atta45.se\/e-butik\/wp-json\/wp\/v2\/product\/304940","targetHints":{"allow":["GET"]}}],"collection":[{"href":"https:\/\/www.atta45.se\/e-butik\/wp-json\/wp\/v2\/product"}],"about":[{"href":"https:\/\/www.atta45.se\/e-butik\/wp-json\/wp\/v2\/types\/product"}],"wp:featuredmedia":[{"embeddable":true,"href":"https:\/\/www.atta45.se\/e-butik\/wp-json\/wp\/v2\/media\/304941"}],"wp:attachment":[{"href":"https:\/\/www.atta45.se\/e-butik\/wp-json\/wp\/v2\/media?parent=304940"}],"wp:term":[{"taxonomy":"product_brand","embeddable":true,"href":"https:\/\/www.atta45.se\/e-butik\/wp-json\/wp\/v2\/product_brand?post=304940"},{"taxonomy":"product_cat","embeddable":true,"href":"https:\/\/www.atta45.se\/e-butik\/wp-json\/wp\/v2\/product_cat?post=304940"},{"taxonomy":"product_tag","embeddable":true,"href":"https:\/\/www.atta45.se\/e-butik\/wp-json\/wp\/v2\/product_tag?post=304940"}],"curies":[{"name":"wp","href":"https:\/\/api.w.org\/{rel}","templated":true}]}}