{"id":304885,"date":"2025-04-17T00:24:17","date_gmt":"2025-04-16T22:24:17","guid":{"rendered":"https:\/\/www.atta45.se\/e-butik\/produkt\/atervunnen-flaska-med-dubbla-vaggar-i-rostfritt-stal-500-ml-clifford\/"},"modified":"2025-10-27T21:03:21","modified_gmt":"2025-10-27T20:03:21","slug":"atervunnen-flaska-med-dubbla-vaggar-i-rostfritt-stal-500-ml-clifford","status":"publish","type":"product","link":"https:\/\/www.atta45.se\/e-butik\/produkt\/atervunnen-flaska-med-dubbla-vaggar-i-rostfritt-stal-500-ml-clifford\/","title":{"rendered":"Flaska (500ml), i rostfritt st\u00e5l, med dubbla v\u00e4ggar, Lombok"},"content":{"rendered":"<p>\u00c5tervunnen flaska med dubbla v\u00e4ggar i rostfritt st\u00e5l (500 ml) med skruvlock. Interi\u00f6ren \u00e4r gjord av rostfritt st\u00e5l 304 och utsidan \u00e4r rostfritt st\u00e5l 201. \u00c5tervunnen logotyp ingraverad p\u00e5 flaskan. Individuellt f\u00f6rpackad i en brun kartong.<\/p>\n","protected":false},"excerpt":{"rendered":"<p>\u00c5tervunnen flaska med dubbla v\u00e4ggar i rostfritt st\u00e5l (500 ml) med skruvlock. Interi\u00f6ren \u00e4r gjord av rostfritt st\u00e5l 304 och utsidan \u00e4r rostfritt st\u00e5l 201. \u00c5tervunnen logotyp ingraverad p\u00e5 flaskan. Individuellt f\u00f6rpackad i en brun kartong.<\/p>\n","protected":false},"featured_media":304886,"template":"","meta":{"_acf_changed":false,"_seopress_robots_primary_cat":"","_seopress_titles_title":"","_seopress_titles_desc":"","_seopress_robots_index":""},"product_brand":[],"product_cat":[15],"product_tag":[],"class_list":{"0":"post-304885","1":"product","2":"type-product","3":"status-publish","4":"has-post-thumbnail","6":"product_cat-okategoriserad","7":"atta45_taxonomy-flaskor-sv","8":"atta45_taxonomy-tema-inspiration-grona-intryck-sv","9":"atta45_taxonomy-fritid-vattenflaskor-sv","11":"first","12":"instock","13":"taxable","14":"shipping-taxable","15":"purchasable","16":"product-type-variable"},"acf":[],"_links":{"self":[{"href":"https:\/\/www.atta45.se\/e-butik\/wp-json\/wp\/v2\/product\/304885","targetHints":{"allow":["GET"]}}],"collection":[{"href":"https:\/\/www.atta45.se\/e-butik\/wp-json\/wp\/v2\/product"}],"about":[{"href":"https:\/\/www.atta45.se\/e-butik\/wp-json\/wp\/v2\/types\/product"}],"wp:featuredmedia":[{"embeddable":true,"href":"https:\/\/www.atta45.se\/e-butik\/wp-json\/wp\/v2\/media\/304886"}],"wp:attachment":[{"href":"https:\/\/www.atta45.se\/e-butik\/wp-json\/wp\/v2\/media?parent=304885"}],"wp:term":[{"taxonomy":"product_brand","embeddable":true,"href":"https:\/\/www.atta45.se\/e-butik\/wp-json\/wp\/v2\/product_brand?post=304885"},{"taxonomy":"product_cat","embeddable":true,"href":"https:\/\/www.atta45.se\/e-butik\/wp-json\/wp\/v2\/product_cat?post=304885"},{"taxonomy":"product_tag","embeddable":true,"href":"https:\/\/www.atta45.se\/e-butik\/wp-json\/wp\/v2\/product_tag?post=304885"}],"curies":[{"name":"wp","href":"https:\/\/api.w.org\/{rel}","templated":true}]}}