{"id":304851,"date":"2025-04-17T00:22:16","date_gmt":"2025-04-16T22:22:16","guid":{"rendered":"https:\/\/www.atta45.se\/e-butik\/produkt\/atervunnen-enkelvaggig-flaska-i-rostfritt-stal-650-ml-cliff\/"},"modified":"2025-10-27T21:03:08","modified_gmt":"2025-10-27T20:03:08","slug":"atervunnen-enkelvaggig-flaska-i-rostfritt-stal-650-ml-cliff","status":"publish","type":"product","link":"https:\/\/www.atta45.se\/e-butik\/produkt\/atervunnen-enkelvaggig-flaska-i-rostfritt-stal-650-ml-cliff\/","title":{"rendered":"Flaska (650ml) i rostfritt st\u00e5l, Sumatra"},"content":{"rendered":"<p>\u00c5tervunnen enkelv\u00e4ggig flaska i rostfritt st\u00e5l (650 ml) med skruvlock. Tillverkad av rostfritt st\u00e5l 304. \u00c5tervunnen logotyp ingraverad p\u00e5 flaskan. Individuellt f\u00f6rpackad i en brun kartong.<\/p>\n","protected":false},"excerpt":{"rendered":"<p>\u00c5tervunnen enkelv\u00e4ggig flaska i rostfritt st\u00e5l (650 ml) med skruvlock. Tillverkad av rostfritt st\u00e5l 304. \u00c5tervunnen logotyp ingraverad p\u00e5 flaskan. Individuellt f\u00f6rpackad i en brun kartong.<\/p>\n","protected":false},"featured_media":304852,"template":"","meta":{"_acf_changed":false,"_seopress_robots_primary_cat":"","_seopress_titles_title":"","_seopress_titles_desc":"","_seopress_robots_index":""},"product_brand":[],"product_cat":[15],"product_tag":[],"class_list":{"0":"post-304851","1":"product","2":"type-product","3":"status-publish","4":"has-post-thumbnail","6":"product_cat-okategoriserad","7":"atta45_taxonomy-flaskor-sv","8":"atta45_taxonomy-tema-inspiration-grona-intryck-sv","9":"atta45_taxonomy-fritid-vattenflaskor-sv","11":"first","12":"instock","13":"taxable","14":"shipping-taxable","15":"purchasable","16":"product-type-variable"},"acf":[],"_links":{"self":[{"href":"https:\/\/www.atta45.se\/e-butik\/wp-json\/wp\/v2\/product\/304851","targetHints":{"allow":["GET"]}}],"collection":[{"href":"https:\/\/www.atta45.se\/e-butik\/wp-json\/wp\/v2\/product"}],"about":[{"href":"https:\/\/www.atta45.se\/e-butik\/wp-json\/wp\/v2\/types\/product"}],"wp:featuredmedia":[{"embeddable":true,"href":"https:\/\/www.atta45.se\/e-butik\/wp-json\/wp\/v2\/media\/304852"}],"wp:attachment":[{"href":"https:\/\/www.atta45.se\/e-butik\/wp-json\/wp\/v2\/media?parent=304851"}],"wp:term":[{"taxonomy":"product_brand","embeddable":true,"href":"https:\/\/www.atta45.se\/e-butik\/wp-json\/wp\/v2\/product_brand?post=304851"},{"taxonomy":"product_cat","embeddable":true,"href":"https:\/\/www.atta45.se\/e-butik\/wp-json\/wp\/v2\/product_cat?post=304851"},{"taxonomy":"product_tag","embeddable":true,"href":"https:\/\/www.atta45.se\/e-butik\/wp-json\/wp\/v2\/product_tag?post=304851"}],"curies":[{"name":"wp","href":"https:\/\/api.w.org\/{rel}","templated":true}]}}