{"id":304782,"date":"2025-04-16T23:17:13","date_gmt":"2025-04-16T21:17:13","guid":{"rendered":"https:\/\/www.atta45.se\/e-butik\/produkt\/hoftflaska-i-rostfritt-stal-cedric\/"},"modified":"2025-10-27T21:02:27","modified_gmt":"2025-10-27T20:02:27","slug":"hoftflaska-i-rostfritt-stal-cedric","status":"publish","type":"product","link":"https:\/\/www.atta45.se\/e-butik\/produkt\/hoftflaska-i-rostfritt-stal-cedric\/","title":{"rendered":"H\u00f6ftflaska i rostfritt st\u00e5l Cedric"},"content":{"rendered":"<p>Flaska i rostfritt st\u00e5l (100 ml) med PU-hylsa. Tillverkad av rostfritt st\u00e5l 304. Individuellt f\u00f6rpackad i en brun kartong.<\/p>\n","protected":false},"excerpt":{"rendered":"<p>Flaska i rostfritt st\u00e5l (100 ml) med PU-hylsa. Tillverkad av rostfritt st\u00e5l 304. Individuellt f\u00f6rpackad i en brun kartong.<\/p>\n","protected":false},"featured_media":304783,"template":"","meta":{"_acf_changed":false,"_seopress_robots_primary_cat":"","_seopress_titles_title":"","_seopress_titles_desc":"","_seopress_robots_index":""},"product_brand":[],"product_cat":[15],"product_tag":[],"class_list":{"0":"post-304782","1":"product","2":"type-product","3":"status-publish","4":"has-post-thumbnail","6":"product_cat-okategoriserad","7":"atta45_taxonomy-tema-inspiration-ogonblick-en-dag-i-parken-sv","8":"atta45_taxonomy-flaskor-sv","9":"atta45_taxonomy-tema-inspiration-ogonblick-sv","10":"atta45_taxonomy-tema-inspiration-ogonblick-pa-vagen-sv","11":"atta45_taxonomy-tema-inspiration-sv","12":"atta45_taxonomy-fritid-vattenflaskor-sv","14":"first","15":"instock","16":"taxable","17":"shipping-taxable","18":"purchasable","19":"product-type-variable"},"acf":[],"_links":{"self":[{"href":"https:\/\/www.atta45.se\/e-butik\/wp-json\/wp\/v2\/product\/304782","targetHints":{"allow":["GET"]}}],"collection":[{"href":"https:\/\/www.atta45.se\/e-butik\/wp-json\/wp\/v2\/product"}],"about":[{"href":"https:\/\/www.atta45.se\/e-butik\/wp-json\/wp\/v2\/types\/product"}],"wp:featuredmedia":[{"embeddable":true,"href":"https:\/\/www.atta45.se\/e-butik\/wp-json\/wp\/v2\/media\/304783"}],"wp:attachment":[{"href":"https:\/\/www.atta45.se\/e-butik\/wp-json\/wp\/v2\/media?parent=304782"}],"wp:term":[{"taxonomy":"product_brand","embeddable":true,"href":"https:\/\/www.atta45.se\/e-butik\/wp-json\/wp\/v2\/product_brand?post=304782"},{"taxonomy":"product_cat","embeddable":true,"href":"https:\/\/www.atta45.se\/e-butik\/wp-json\/wp\/v2\/product_cat?post=304782"},{"taxonomy":"product_tag","embeddable":true,"href":"https:\/\/www.atta45.se\/e-butik\/wp-json\/wp\/v2\/product_tag?post=304782"}],"curies":[{"name":"wp","href":"https:\/\/api.w.org\/{rel}","templated":true}]}}