{"id":304765,"date":"2025-04-16T23:14:17","date_gmt":"2025-04-16T21:14:17","guid":{"rendered":"https:\/\/www.atta45.se\/e-butik\/produkt\/atervunnen-flaska-i-rostfritt-stal-brock\/"},"modified":"2025-10-27T21:02:13","modified_gmt":"2025-10-27T20:02:13","slug":"atervunnen-flaska-i-rostfritt-stal-brock","status":"publish","type":"product","link":"https:\/\/www.atta45.se\/e-butik\/produkt\/atervunnen-flaska-i-rostfritt-stal-brock\/","title":{"rendered":"\u00c5tervunnen flaska i rostfritt st\u00e5l Brock"},"content":{"rendered":"<p>\u00c5tervunnen flaska i rostfritt st\u00e5l (230 ml) med tv\u00e5 koppar (40 ml) och PU-hylsa p\u00e5 utsidan. Tillverkad av rostfritt st\u00e5l 304. Kopparna f\u00e4sts p\u00e5 toppen med hj\u00e4lp av tryckknappar. Individuellt f\u00f6rpackad i en brun kartong.<\/p>\n","protected":false},"excerpt":{"rendered":"<p>\u00c5tervunnen flaska i rostfritt st\u00e5l (230 ml) med tv\u00e5 koppar (40 ml) och PU-hylsa p\u00e5 utsidan. Tillverkad av rostfritt st\u00e5l 304. Kopparna f\u00e4sts p\u00e5 toppen med hj\u00e4lp av tryckknappar. Individuellt f\u00f6rpackad i en brun kartong.<\/p>\n","protected":false},"featured_media":304766,"template":"","meta":{"_acf_changed":false,"_seopress_robots_primary_cat":"","_seopress_titles_title":"","_seopress_titles_desc":"","_seopress_robots_index":""},"product_brand":[],"product_cat":[15],"product_tag":[],"class_list":{"0":"post-304765","1":"product","2":"type-product","3":"status-publish","4":"has-post-thumbnail","6":"product_cat-okategoriserad","7":"atta45_taxonomy-reflexer-verktyg-sakerhet-biltillbehor-sv","8":"atta45_taxonomy-tema-inspiration-branscher-sv","9":"atta45_taxonomy-tema-inspiration-ogonblick-en-dag-i-parken-sv","10":"atta45_taxonomy-flaskor-sv","11":"atta45_taxonomy-tema-inspiration-branscher-fordonsindustrin-sv","12":"atta45_taxonomy-tema-inspiration-branscher-konstruktion-sv","13":"atta45_taxonomy-tema-inspiration-ogonblick-kontorsliv-sv","14":"atta45_taxonomy-tema-inspiration-ogonblick-sv","15":"atta45_taxonomy-tema-inspiration-ogonblick-pa-vagen-sv","16":"atta45_taxonomy-tema-inspiration-sv","17":"atta45_taxonomy-fritid-vattenflaskor-sv","19":"first","20":"instock","21":"taxable","22":"shipping-taxable","23":"purchasable","24":"product-type-variable"},"acf":[],"_links":{"self":[{"href":"https:\/\/www.atta45.se\/e-butik\/wp-json\/wp\/v2\/product\/304765","targetHints":{"allow":["GET"]}}],"collection":[{"href":"https:\/\/www.atta45.se\/e-butik\/wp-json\/wp\/v2\/product"}],"about":[{"href":"https:\/\/www.atta45.se\/e-butik\/wp-json\/wp\/v2\/types\/product"}],"wp:featuredmedia":[{"embeddable":true,"href":"https:\/\/www.atta45.se\/e-butik\/wp-json\/wp\/v2\/media\/304766"}],"wp:attachment":[{"href":"https:\/\/www.atta45.se\/e-butik\/wp-json\/wp\/v2\/media?parent=304765"}],"wp:term":[{"taxonomy":"product_brand","embeddable":true,"href":"https:\/\/www.atta45.se\/e-butik\/wp-json\/wp\/v2\/product_brand?post=304765"},{"taxonomy":"product_cat","embeddable":true,"href":"https:\/\/www.atta45.se\/e-butik\/wp-json\/wp\/v2\/product_cat?post=304765"},{"taxonomy":"product_tag","embeddable":true,"href":"https:\/\/www.atta45.se\/e-butik\/wp-json\/wp\/v2\/product_tag?post=304765"}],"curies":[{"name":"wp","href":"https:\/\/api.w.org\/{rel}","templated":true}]}}