{"id":304746,"date":"2025-04-16T23:12:17","date_gmt":"2025-04-16T21:12:17","guid":{"rendered":"https:\/\/www.atta45.se\/e-butik\/produkt\/flaska-i-rostfritt-stal-400-ml-bernard\/"},"modified":"2025-10-27T21:01:58","modified_gmt":"2025-10-27T20:01:58","slug":"flaska-i-rostfritt-stal-400-ml-bernard","status":"publish","type":"product","link":"https:\/\/www.atta45.se\/e-butik\/produkt\/flaska-i-rostfritt-stal-400-ml-bernard\/","title":{"rendered":"Flaska i rostfritt st\u00e5l 400 ml Bernard"},"content":{"rendered":"<p>Flaska i rostfritt st\u00e5l (400 ml) med utv\u00e4ndig hylsa av PU. Hylsan kan tas bort. Tillverkad av rostfritt st\u00e5l 304. Individuellt f\u00f6rpackad i en brun kartong.<\/p>\n","protected":false},"excerpt":{"rendered":"<p>Flaska i rostfritt st\u00e5l (400 ml) med utv\u00e4ndig hylsa av PU. Hylsan kan tas bort. Tillverkad av rostfritt st\u00e5l 304. Individuellt f\u00f6rpackad i en brun kartong.<\/p>\n","protected":false},"featured_media":304747,"template":"","meta":{"_acf_changed":false,"_seopress_robots_primary_cat":"","_seopress_titles_title":"","_seopress_titles_desc":"","_seopress_robots_index":""},"product_brand":[],"product_cat":[15],"product_tag":[],"class_list":{"0":"post-304746","1":"product","2":"type-product","3":"status-publish","4":"has-post-thumbnail","6":"product_cat-okategoriserad","7":"atta45_taxonomy-reflexer-verktyg-sakerhet-biltillbehor-sv","8":"atta45_taxonomy-tema-inspiration-branscher-sv","9":"atta45_taxonomy-tema-inspiration-ogonblick-en-dag-i-parken-sv","10":"atta45_taxonomy-flaskor-sv","11":"atta45_taxonomy-tema-inspiration-branscher-fordonsindustrin-sv","12":"atta45_taxonomy-tema-inspiration-ogonblick-kontorsliv-sv","13":"atta45_taxonomy-tema-inspiration-ogonblick-sv","14":"atta45_taxonomy-tema-inspiration-ogonblick-pa-vagen-sv","15":"atta45_taxonomy-tema-inspiration-sv","16":"atta45_taxonomy-fritid-vattenflaskor-sv","18":"first","19":"instock","20":"taxable","21":"shipping-taxable","22":"purchasable","23":"product-type-variable"},"acf":[],"_links":{"self":[{"href":"https:\/\/www.atta45.se\/e-butik\/wp-json\/wp\/v2\/product\/304746","targetHints":{"allow":["GET"]}}],"collection":[{"href":"https:\/\/www.atta45.se\/e-butik\/wp-json\/wp\/v2\/product"}],"about":[{"href":"https:\/\/www.atta45.se\/e-butik\/wp-json\/wp\/v2\/types\/product"}],"wp:featuredmedia":[{"embeddable":true,"href":"https:\/\/www.atta45.se\/e-butik\/wp-json\/wp\/v2\/media\/304747"}],"wp:attachment":[{"href":"https:\/\/www.atta45.se\/e-butik\/wp-json\/wp\/v2\/media?parent=304746"}],"wp:term":[{"taxonomy":"product_brand","embeddable":true,"href":"https:\/\/www.atta45.se\/e-butik\/wp-json\/wp\/v2\/product_brand?post=304746"},{"taxonomy":"product_cat","embeddable":true,"href":"https:\/\/www.atta45.se\/e-butik\/wp-json\/wp\/v2\/product_cat?post=304746"},{"taxonomy":"product_tag","embeddable":true,"href":"https:\/\/www.atta45.se\/e-butik\/wp-json\/wp\/v2\/product_tag?post=304746"}],"curies":[{"name":"wp","href":"https:\/\/api.w.org\/{rel}","templated":true}]}}