{"id":304735,"date":"2025-04-16T23:11:15","date_gmt":"2025-04-16T21:11:15","guid":{"rendered":"https:\/\/www.atta45.se\/e-butik\/produkt\/nyckelring-med-karbinhake-i-metall-bella\/"},"modified":"2025-10-27T21:01:43","modified_gmt":"2025-10-27T20:01:43","slug":"nyckelring-med-karbinhake-i-metall-bella","status":"publish","type":"product","link":"https:\/\/www.atta45.se\/e-butik\/produkt\/nyckelring-med-karbinhake-i-metall-bella\/","title":{"rendered":"Nyckelring med karbinhake i metall Bella"},"content":{"rendered":"<p>Nyckelring med karbinhake i metall med en flask\u00f6ppnare och en liten kniv. Metallen i nyckelringen \u00e4r elektrolyserad. Individuellt f\u00f6rpackad i en brun pappersp\u00e5se.<\/p>\n","protected":false},"excerpt":{"rendered":"<p>Nyckelring med karbinhake i metall med en flask\u00f6ppnare och en liten kniv. Metallen i nyckelringen \u00e4r elektrolyserad. Individuellt f\u00f6rpackad i en brun pappersp\u00e5se.<\/p>\n","protected":false},"featured_media":304736,"template":"","meta":{"_acf_changed":false,"_seopress_robots_primary_cat":"","_seopress_titles_title":"","_seopress_titles_desc":"","_seopress_robots_index":""},"product_brand":[],"product_cat":[15],"product_tag":[],"class_list":{"0":"post-304735","1":"product","2":"type-product","3":"status-publish","4":"has-post-thumbnail","6":"product_cat-okategoriserad","7":"atta45_taxonomy-reflexer-verktyg-sakerhet-knivar-sv","9":"first","10":"instock","11":"taxable","12":"shipping-taxable","13":"purchasable","14":"product-type-variable"},"acf":[],"_links":{"self":[{"href":"https:\/\/www.atta45.se\/e-butik\/wp-json\/wp\/v2\/product\/304735","targetHints":{"allow":["GET"]}}],"collection":[{"href":"https:\/\/www.atta45.se\/e-butik\/wp-json\/wp\/v2\/product"}],"about":[{"href":"https:\/\/www.atta45.se\/e-butik\/wp-json\/wp\/v2\/types\/product"}],"wp:featuredmedia":[{"embeddable":true,"href":"https:\/\/www.atta45.se\/e-butik\/wp-json\/wp\/v2\/media\/304736"}],"wp:attachment":[{"href":"https:\/\/www.atta45.se\/e-butik\/wp-json\/wp\/v2\/media?parent=304735"}],"wp:term":[{"taxonomy":"product_brand","embeddable":true,"href":"https:\/\/www.atta45.se\/e-butik\/wp-json\/wp\/v2\/product_brand?post=304735"},{"taxonomy":"product_cat","embeddable":true,"href":"https:\/\/www.atta45.se\/e-butik\/wp-json\/wp\/v2\/product_cat?post=304735"},{"taxonomy":"product_tag","embeddable":true,"href":"https:\/\/www.atta45.se\/e-butik\/wp-json\/wp\/v2\/product_tag?post=304735"}],"curies":[{"name":"wp","href":"https:\/\/api.w.org\/{rel}","templated":true}]}}