{"id":304718,"date":"2025-04-16T23:09:41","date_gmt":"2025-04-16T21:09:41","guid":{"rendered":"https:\/\/www.atta45.se\/e-butik\/produkt\/mugg-i-atervunnet-glas-300-ml-ashley\/"},"modified":"2025-10-27T21:01:29","modified_gmt":"2025-10-27T20:01:29","slug":"mugg-i-atervunnet-glas-300-ml-ashley","status":"publish","type":"product","link":"https:\/\/www.atta45.se\/e-butik\/produkt\/mugg-i-atervunnet-glas-300-ml-ashley\/","title":{"rendered":"Mugg i \u00e5tervunnet glas 300 ml Ashley"},"content":{"rendered":"<p>Mugg i \u00e5tervunnet glas (300 ml) tillverkad av natriumkalcium, med ett bambulock som kan anv\u00e4ndas som underl\u00e4gg. Individuellt f\u00f6rpackad i en brun kartong.<\/p>\n","protected":false},"excerpt":{"rendered":"<p>Mugg i \u00e5tervunnet glas (300 ml) tillverkad av natriumkalcium, med ett bambulock som kan anv\u00e4ndas som underl\u00e4gg. Individuellt f\u00f6rpackad i en brun kartong.<\/p>\n","protected":false},"featured_media":304719,"template":"","meta":{"_acf_changed":false,"_seopress_robots_primary_cat":"","_seopress_titles_title":"","_seopress_titles_desc":"","_seopress_robots_index":""},"product_brand":[],"product_cat":[15],"product_tag":[],"class_list":{"0":"post-304718","1":"product","2":"type-product","3":"status-publish","4":"has-post-thumbnail","6":"product_cat-okategoriserad","7":"atta45_taxonomy-tema-inspiration-grona-intryck-bambu-sv","8":"atta45_taxonomy-flaskor-sv","9":"atta45_taxonomy-muggar-glas-sv","10":"atta45_taxonomy-hem-hushall-glas-sv","11":"atta45_taxonomy-tema-inspiration-grona-intryck-sv","12":"atta45_taxonomy-muggar-muggar-sv","13":"atta45_taxonomy-hem-hushall-muggar-sv","14":"atta45_taxonomy-fritid-muggar-koppar-sv","15":"atta45_taxonomy-fritid-vattenflaskor-sv","17":"first","18":"instock","19":"taxable","20":"shipping-taxable","21":"purchasable","22":"product-type-variable"},"acf":[],"_links":{"self":[{"href":"https:\/\/www.atta45.se\/e-butik\/wp-json\/wp\/v2\/product\/304718","targetHints":{"allow":["GET"]}}],"collection":[{"href":"https:\/\/www.atta45.se\/e-butik\/wp-json\/wp\/v2\/product"}],"about":[{"href":"https:\/\/www.atta45.se\/e-butik\/wp-json\/wp\/v2\/types\/product"}],"wp:featuredmedia":[{"embeddable":true,"href":"https:\/\/www.atta45.se\/e-butik\/wp-json\/wp\/v2\/media\/304719"}],"wp:attachment":[{"href":"https:\/\/www.atta45.se\/e-butik\/wp-json\/wp\/v2\/media?parent=304718"}],"wp:term":[{"taxonomy":"product_brand","embeddable":true,"href":"https:\/\/www.atta45.se\/e-butik\/wp-json\/wp\/v2\/product_brand?post=304718"},{"taxonomy":"product_cat","embeddable":true,"href":"https:\/\/www.atta45.se\/e-butik\/wp-json\/wp\/v2\/product_cat?post=304718"},{"taxonomy":"product_tag","embeddable":true,"href":"https:\/\/www.atta45.se\/e-butik\/wp-json\/wp\/v2\/product_tag?post=304718"}],"curies":[{"name":"wp","href":"https:\/\/api.w.org\/{rel}","templated":true}]}}