{"id":304693,"date":"2025-04-16T23:07:33","date_gmt":"2025-04-16T21:07:33","guid":{"rendered":"https:\/\/www.atta45.se\/e-butik\/produkt\/mugg-i-rostfritt-stal-med-dubbla-vaggar-590-ml-arnold\/"},"modified":"2025-10-27T21:01:13","modified_gmt":"2025-10-27T20:01:13","slug":"mugg-i-rostfritt-stal-med-dubbla-vaggar-590-ml-arnold","status":"publish","type":"product","link":"https:\/\/www.atta45.se\/e-butik\/produkt\/mugg-i-rostfritt-stal-med-dubbla-vaggar-590-ml-arnold\/","title":{"rendered":"Mugg i rostfritt st\u00e5l med dubbla v\u00e4ggar (590 ml) Arnold"},"content":{"rendered":"<p>Mugg i rostfritt st\u00e5l med dubbla v\u00e4ggar (590 ml) och PS-lock. Symbol \u00e5tervunnen ingraverad p\u00e5 muggen. Interi\u00f6ren \u00e4r gjord av rostfritt st\u00e5l 304, och exteri\u00f6ren \u00e4r rostfritt st\u00e5l 201. Individuellt f\u00f6rpackad i en brun kartong.<\/p>\n","protected":false},"excerpt":{"rendered":"<p>Mugg i rostfritt st\u00e5l med dubbla v\u00e4ggar (590 ml) och PS-lock. Symbol \u00e5tervunnen ingraverad p\u00e5 muggen. Interi\u00f6ren \u00e4r gjord av rostfritt st\u00e5l 304, och exteri\u00f6ren \u00e4r rostfritt st\u00e5l 201. Individuellt f\u00f6rpackad i en brun kartong.<\/p>\n","protected":false},"featured_media":304694,"template":"","meta":{"_acf_changed":false,"_seopress_robots_primary_cat":"","_seopress_titles_title":"","_seopress_titles_desc":"","_seopress_robots_index":""},"product_brand":[],"product_cat":[15],"product_tag":[],"class_list":{"0":"post-304693","1":"product","2":"type-product","3":"status-publish","4":"has-post-thumbnail","6":"product_cat-okategoriserad","7":"atta45_taxonomy-flaskor-sv","8":"atta45_taxonomy-tema-inspiration-grona-intryck-sv","9":"atta45_taxonomy-fritid-vattenflaskor-sv","11":"first","12":"instock","13":"taxable","14":"shipping-taxable","15":"purchasable","16":"product-type-variable"},"acf":[],"_links":{"self":[{"href":"https:\/\/www.atta45.se\/e-butik\/wp-json\/wp\/v2\/product\/304693","targetHints":{"allow":["GET"]}}],"collection":[{"href":"https:\/\/www.atta45.se\/e-butik\/wp-json\/wp\/v2\/product"}],"about":[{"href":"https:\/\/www.atta45.se\/e-butik\/wp-json\/wp\/v2\/types\/product"}],"wp:featuredmedia":[{"embeddable":true,"href":"https:\/\/www.atta45.se\/e-butik\/wp-json\/wp\/v2\/media\/304694"}],"wp:attachment":[{"href":"https:\/\/www.atta45.se\/e-butik\/wp-json\/wp\/v2\/media?parent=304693"}],"wp:term":[{"taxonomy":"product_brand","embeddable":true,"href":"https:\/\/www.atta45.se\/e-butik\/wp-json\/wp\/v2\/product_brand?post=304693"},{"taxonomy":"product_cat","embeddable":true,"href":"https:\/\/www.atta45.se\/e-butik\/wp-json\/wp\/v2\/product_cat?post=304693"},{"taxonomy":"product_tag","embeddable":true,"href":"https:\/\/www.atta45.se\/e-butik\/wp-json\/wp\/v2\/product_tag?post=304693"}],"curies":[{"name":"wp","href":"https:\/\/api.w.org\/{rel}","templated":true}]}}