{"id":30468,"date":"2024-12-26T16:58:18","date_gmt":"2024-12-26T15:58:18","guid":{"rendered":"https:\/\/www.atta45.se\/e-butik\/?post_type=product&#038;p=30468"},"modified":"2025-10-28T04:53:14","modified_gmt":"2025-10-28T03:53:14","slug":"vindskydd-300-x-70-cm","status":"publish","type":"product","link":"https:\/\/www.atta45.se\/e-butik\/produkt\/vindskydd-300-x-70-cm\/","title":{"rendered":"Vindskydd (300 x 70 cm)"},"content":{"rendered":"<p>Vindskydd i 225 g Monaco Premium-material. Ett smart och enkelt s\u00e4tt att synas i b\u00e5de sand och sn\u00f6. Levereras med 150 cm l\u00e5nga pinnar. (Tot l\u00e4ngd 332 cm)<\/p>\n","protected":false},"excerpt":{"rendered":"<p>Vindskydd i 225 g Monaco Premium-material. Ett smart och enkelt s\u00e4tt att synas i b\u00e5de sand och sn\u00f6. Levereras med 150 cm l\u00e5nga pinnar. (Tot l\u00e4ngd 332 cm)<\/p>\n","protected":false},"featured_media":30469,"template":"","meta":{"_acf_changed":false,"_seopress_robots_primary_cat":"","_seopress_titles_title":"","_seopress_titles_desc":"","_seopress_robots_index":""},"product_brand":[],"product_cat":[15],"product_tag":[],"class_list":{"0":"post-30468","1":"product","2":"type-product","3":"status-publish","4":"has-post-thumbnail","6":"product_cat-okategoriserad","7":"atta45_taxonomy-expo-event-banners-sv","8":"atta45_taxonomy-expo-event-flaggor-sv","10":"first","11":"instock","12":"taxable","13":"shipping-taxable","14":"purchasable","15":"product-type-variable"},"acf":[],"_links":{"self":[{"href":"https:\/\/www.atta45.se\/e-butik\/wp-json\/wp\/v2\/product\/30468","targetHints":{"allow":["GET"]}}],"collection":[{"href":"https:\/\/www.atta45.se\/e-butik\/wp-json\/wp\/v2\/product"}],"about":[{"href":"https:\/\/www.atta45.se\/e-butik\/wp-json\/wp\/v2\/types\/product"}],"wp:featuredmedia":[{"embeddable":true,"href":"https:\/\/www.atta45.se\/e-butik\/wp-json\/wp\/v2\/media\/30469"}],"wp:attachment":[{"href":"https:\/\/www.atta45.se\/e-butik\/wp-json\/wp\/v2\/media?parent=30468"}],"wp:term":[{"taxonomy":"product_brand","embeddable":true,"href":"https:\/\/www.atta45.se\/e-butik\/wp-json\/wp\/v2\/product_brand?post=30468"},{"taxonomy":"product_cat","embeddable":true,"href":"https:\/\/www.atta45.se\/e-butik\/wp-json\/wp\/v2\/product_cat?post=30468"},{"taxonomy":"product_tag","embeddable":true,"href":"https:\/\/www.atta45.se\/e-butik\/wp-json\/wp\/v2\/product_tag?post=30468"}],"curies":[{"name":"wp","href":"https:\/\/api.w.org\/{rel}","templated":true}]}}