{"id":304678,"date":"2025-04-16T23:05:37","date_gmt":"2025-04-16T21:05:37","guid":{"rendered":"https:\/\/www.atta45.se\/e-butik\/produkt\/numeriskt-hanglas-i-zinklegering-april\/"},"modified":"2025-10-27T21:00:58","modified_gmt":"2025-10-27T20:00:58","slug":"numeriskt-hanglas-i-zinklegering-april","status":"publish","type":"product","link":"https:\/\/www.atta45.se\/e-butik\/produkt\/numeriskt-hanglas-i-zinklegering-april\/","title":{"rendered":"Numeriskt h\u00e4ngl\u00e5s i zinklegering April"},"content":{"rendered":"<p>Numeriskt karbinhakl\u00e5s i zinklegering. Instruktioner medf\u00f6ljer. Individuellt f\u00f6rpackad i en vit l\u00e5da.<\/p>\n","protected":false},"excerpt":{"rendered":"<p>Numeriskt karbinhakl\u00e5s i zinklegering. Instruktioner medf\u00f6ljer. Individuellt f\u00f6rpackad i en vit l\u00e5da.<\/p>\n","protected":false},"featured_media":304679,"template":"","meta":{"_acf_changed":false,"_seopress_robots_primary_cat":"","_seopress_titles_title":"","_seopress_titles_desc":"","_seopress_robots_index":""},"product_brand":[],"product_cat":[15],"product_tag":[],"class_list":{"0":"post-304678","1":"product","2":"type-product","3":"status-publish","4":"has-post-thumbnail","6":"product_cat-okategoriserad","7":"atta45_taxonomy-tema-inspiration-ogonblick-sv","8":"atta45_taxonomy-tema-inspiration-ogonblick-pa-vagen-sv","9":"atta45_taxonomy-vaskor-resetillbehor-researtiklar-sv","10":"atta45_taxonomy-tema-inspiration-sv","11":"atta45_taxonomy-vaskor-resetillbehor-sv","13":"first","14":"instock","15":"taxable","16":"shipping-taxable","17":"purchasable","18":"product-type-variable"},"acf":[],"_links":{"self":[{"href":"https:\/\/www.atta45.se\/e-butik\/wp-json\/wp\/v2\/product\/304678","targetHints":{"allow":["GET"]}}],"collection":[{"href":"https:\/\/www.atta45.se\/e-butik\/wp-json\/wp\/v2\/product"}],"about":[{"href":"https:\/\/www.atta45.se\/e-butik\/wp-json\/wp\/v2\/types\/product"}],"wp:featuredmedia":[{"embeddable":true,"href":"https:\/\/www.atta45.se\/e-butik\/wp-json\/wp\/v2\/media\/304679"}],"wp:attachment":[{"href":"https:\/\/www.atta45.se\/e-butik\/wp-json\/wp\/v2\/media?parent=304678"}],"wp:term":[{"taxonomy":"product_brand","embeddable":true,"href":"https:\/\/www.atta45.se\/e-butik\/wp-json\/wp\/v2\/product_brand?post=304678"},{"taxonomy":"product_cat","embeddable":true,"href":"https:\/\/www.atta45.se\/e-butik\/wp-json\/wp\/v2\/product_cat?post=304678"},{"taxonomy":"product_tag","embeddable":true,"href":"https:\/\/www.atta45.se\/e-butik\/wp-json\/wp\/v2\/product_tag?post=304678"}],"curies":[{"name":"wp","href":"https:\/\/api.w.org\/{rel}","templated":true}]}}