{"id":304644,"date":"2025-04-16T23:03:16","date_gmt":"2025-04-16T21:03:16","guid":{"rendered":"https:\/\/www.atta45.se\/e-butik\/produkt\/fickkniv-i-rostfritt-stal-anne\/"},"modified":"2025-10-27T21:00:28","modified_gmt":"2025-10-27T20:00:28","slug":"fickkniv-i-rostfritt-stal-anne","status":"publish","type":"product","link":"https:\/\/www.atta45.se\/e-butik\/produkt\/fickkniv-i-rostfritt-stal-anne\/","title":{"rendered":"Fickkniv i rostfritt st\u00e5l Anne"},"content":{"rendered":"<p>Fickkniv i rostfritt st\u00e5l med s\u00e4kerhetsl\u00e5s, aluminiumhandtag och karbinhake i metall. Friskrivningsklausul: Karbinhake \u00e4r inte l\u00e4mplig f\u00f6r kl\u00e4ttring. Individuellt f\u00f6rpackad i en brun kartong.<\/p>\n","protected":false},"excerpt":{"rendered":"<p>Fickkniv i rostfritt st\u00e5l med s\u00e4kerhetsl\u00e5s, aluminiumhandtag och karbinhake i metall. Friskrivningsklausul: Karbinhake \u00e4r inte l\u00e4mplig f\u00f6r kl\u00e4ttring. Individuellt f\u00f6rpackad i en brun kartong.<\/p>\n","protected":false},"featured_media":304645,"template":"","meta":{"_acf_changed":false,"_seopress_robots_primary_cat":"","_seopress_titles_title":"","_seopress_titles_desc":"","_seopress_robots_index":""},"product_brand":[],"product_cat":[15],"product_tag":[],"class_list":{"0":"post-304644","1":"product","2":"type-product","3":"status-publish","4":"has-post-thumbnail","6":"product_cat-okategoriserad","7":"atta45_taxonomy-reflexer-verktyg-sakerhet-knivar-sv","9":"first","10":"instock","11":"taxable","12":"shipping-taxable","13":"purchasable","14":"product-type-variable"},"acf":[],"_links":{"self":[{"href":"https:\/\/www.atta45.se\/e-butik\/wp-json\/wp\/v2\/product\/304644","targetHints":{"allow":["GET"]}}],"collection":[{"href":"https:\/\/www.atta45.se\/e-butik\/wp-json\/wp\/v2\/product"}],"about":[{"href":"https:\/\/www.atta45.se\/e-butik\/wp-json\/wp\/v2\/types\/product"}],"wp:featuredmedia":[{"embeddable":true,"href":"https:\/\/www.atta45.se\/e-butik\/wp-json\/wp\/v2\/media\/304645"}],"wp:attachment":[{"href":"https:\/\/www.atta45.se\/e-butik\/wp-json\/wp\/v2\/media?parent=304644"}],"wp:term":[{"taxonomy":"product_brand","embeddable":true,"href":"https:\/\/www.atta45.se\/e-butik\/wp-json\/wp\/v2\/product_brand?post=304644"},{"taxonomy":"product_cat","embeddable":true,"href":"https:\/\/www.atta45.se\/e-butik\/wp-json\/wp\/v2\/product_cat?post=304644"},{"taxonomy":"product_tag","embeddable":true,"href":"https:\/\/www.atta45.se\/e-butik\/wp-json\/wp\/v2\/product_tag?post=304644"}],"curies":[{"name":"wp","href":"https:\/\/api.w.org\/{rel}","templated":true}]}}