{"id":304631,"date":"2025-04-16T23:00:14","date_gmt":"2025-04-16T21:00:14","guid":{"rendered":"https:\/\/www.atta45.se\/e-butik\/produkt\/atervunnen-musmatta-alexis\/"},"modified":"2025-10-27T21:00:14","modified_gmt":"2025-10-27T20:00:14","slug":"atervunnen-musmatta-alexis","status":"publish","type":"product","link":"https:\/\/www.atta45.se\/e-butik\/produkt\/atervunnen-musmatta-alexis\/","title":{"rendered":"\u00c5tervunnen musmatta Alexis"},"content":{"rendered":"<p>\u00c5tervunnen musmatta (22 x 18 cm), tillverkad av 58 % \u00e5tervunnet material, inklusive 40 % rPET och 18 % \u00e5tervunnen PU. Med symbol \u00e5tervunnen p\u00e5 ovansidan. F\u00f6rpackad i bulk.<\/p>\n","protected":false},"excerpt":{"rendered":"<p>\u00c5tervunnen musmatta (22 x 18 cm), tillverkad av 58 % \u00e5tervunnet material, inklusive 40 % rPET och 18 % \u00e5tervunnen PU. Med symbol \u00e5tervunnen p\u00e5 ovansidan. F\u00f6rpackad i bulk.<\/p>\n","protected":false},"featured_media":304632,"template":"","meta":{"_acf_changed":false,"_seopress_robots_primary_cat":"","_seopress_titles_title":"","_seopress_titles_desc":"","_seopress_robots_index":""},"product_brand":[],"product_cat":[15],"product_tag":[],"class_list":{"0":"post-304631","1":"product","2":"type-product","3":"status-publish","4":"has-post-thumbnail","6":"product_cat-okategoriserad","7":"atta45_taxonomy-tema-inspiration-grona-intryck-sv","8":"atta45_taxonomy-elektronik-kontor-kontorsartiklar-sv","10":"first","11":"instock","12":"taxable","13":"shipping-taxable","14":"purchasable","15":"product-type-variable"},"acf":[],"_links":{"self":[{"href":"https:\/\/www.atta45.se\/e-butik\/wp-json\/wp\/v2\/product\/304631","targetHints":{"allow":["GET"]}}],"collection":[{"href":"https:\/\/www.atta45.se\/e-butik\/wp-json\/wp\/v2\/product"}],"about":[{"href":"https:\/\/www.atta45.se\/e-butik\/wp-json\/wp\/v2\/types\/product"}],"wp:featuredmedia":[{"embeddable":true,"href":"https:\/\/www.atta45.se\/e-butik\/wp-json\/wp\/v2\/media\/304632"}],"wp:attachment":[{"href":"https:\/\/www.atta45.se\/e-butik\/wp-json\/wp\/v2\/media?parent=304631"}],"wp:term":[{"taxonomy":"product_brand","embeddable":true,"href":"https:\/\/www.atta45.se\/e-butik\/wp-json\/wp\/v2\/product_brand?post=304631"},{"taxonomy":"product_cat","embeddable":true,"href":"https:\/\/www.atta45.se\/e-butik\/wp-json\/wp\/v2\/product_cat?post=304631"},{"taxonomy":"product_tag","embeddable":true,"href":"https:\/\/www.atta45.se\/e-butik\/wp-json\/wp\/v2\/product_tag?post=304631"}],"curies":[{"name":"wp","href":"https:\/\/api.w.org\/{rel}","templated":true}]}}