{"id":304607,"date":"2025-04-16T22:59:12","date_gmt":"2025-04-16T20:59:12","guid":{"rendered":"https:\/\/www.atta45.se\/e-butik\/produkt\/telefonstativ-i-bambu-albert\/"},"modified":"2025-10-27T20:59:39","modified_gmt":"2025-10-27T19:59:39","slug":"telefonstativ-i-bambu-albert","status":"publish","type":"product","link":"https:\/\/www.atta45.se\/e-butik\/produkt\/telefonstativ-i-bambu-albert\/","title":{"rendered":"Telefonstativ i bambu Albert"},"content":{"rendered":"<p>Telefonstativ i bambu med ljudf\u00f6rst\u00e4rkarfunktion. N\u00e4r du spelar musik f\u00f6rst\u00e4rks ljudet genom botten utan behov av str\u00f6m eller batterier. M\u00e5tt p\u00e5 telefonfacket: ca 8,2 x 1,2 cm. Individuellt f\u00f6rpackad i en brun kartong.<\/p>\n","protected":false},"excerpt":{"rendered":"<p>Telefonstativ i bambu med ljudf\u00f6rst\u00e4rkarfunktion. N\u00e4r du spelar musik f\u00f6rst\u00e4rks ljudet genom botten utan behov av str\u00f6m eller batterier. M\u00e5tt p\u00e5 telefonfacket: ca 8,2 x 1,2 cm. Individuellt f\u00f6rpackad i en brun kartong.<\/p>\n","protected":false},"featured_media":304608,"template":"","meta":{"_acf_changed":false,"_seopress_robots_primary_cat":"","_seopress_titles_title":"","_seopress_titles_desc":"","_seopress_robots_index":""},"product_brand":[],"product_cat":[15],"product_tag":[],"class_list":{"0":"post-304607","1":"product","2":"type-product","3":"status-publish","4":"has-post-thumbnail","6":"product_cat-okategoriserad","7":"atta45_taxonomy-tema-inspiration-grona-intryck-bambu-sv","8":"atta45_taxonomy-tema-inspiration-grona-intryck-sv","10":"first","11":"instock","12":"taxable","13":"shipping-taxable","14":"purchasable","15":"product-type-variable"},"acf":[],"_links":{"self":[{"href":"https:\/\/www.atta45.se\/e-butik\/wp-json\/wp\/v2\/product\/304607","targetHints":{"allow":["GET"]}}],"collection":[{"href":"https:\/\/www.atta45.se\/e-butik\/wp-json\/wp\/v2\/product"}],"about":[{"href":"https:\/\/www.atta45.se\/e-butik\/wp-json\/wp\/v2\/types\/product"}],"wp:featuredmedia":[{"embeddable":true,"href":"https:\/\/www.atta45.se\/e-butik\/wp-json\/wp\/v2\/media\/304608"}],"wp:attachment":[{"href":"https:\/\/www.atta45.se\/e-butik\/wp-json\/wp\/v2\/media?parent=304607"}],"wp:term":[{"taxonomy":"product_brand","embeddable":true,"href":"https:\/\/www.atta45.se\/e-butik\/wp-json\/wp\/v2\/product_brand?post=304607"},{"taxonomy":"product_cat","embeddable":true,"href":"https:\/\/www.atta45.se\/e-butik\/wp-json\/wp\/v2\/product_cat?post=304607"},{"taxonomy":"product_tag","embeddable":true,"href":"https:\/\/www.atta45.se\/e-butik\/wp-json\/wp\/v2\/product_tag?post=304607"}],"curies":[{"name":"wp","href":"https:\/\/api.w.org\/{rel}","templated":true}]}}