{"id":304545,"date":"2025-04-16T22:54:14","date_gmt":"2025-04-16T20:54:14","guid":{"rendered":"https:\/\/www.atta45.se\/e-butik\/produkt\/dubbelvaggad-flaska-i-rostfritt-stal-1000-ml-nathaniel\/"},"modified":"2025-10-27T20:59:06","modified_gmt":"2025-10-27T19:59:06","slug":"dubbelvaggad-flaska-i-rostfritt-stal-1000-ml-nathaniel","status":"publish","type":"product","link":"https:\/\/www.atta45.se\/e-butik\/produkt\/dubbelvaggad-flaska-i-rostfritt-stal-1000-ml-nathaniel\/","title":{"rendered":"Dubbelv\u00e4ggad flaska i rostfritt st\u00e5l (1000 ml) Nathaniel"},"content":{"rendered":"<p>Drickflaska i rostfritt st\u00e5l med dubbla v\u00e4ggar (1000 ml). Har ett PP-lock med en skruvdispenser och b\u00e4r\u00f6gla. I botten finns ett litet skruvfack f\u00f6r f\u00f6rvaring. Interi\u00f6ren \u00e4r gjord av rostfritt st\u00e5l 304, och exteri\u00f6ren \u00e4r rostfritt st\u00e5l 201. Individuellt f\u00f6rpackad i en brun kartong.<\/p>\n","protected":false},"excerpt":{"rendered":"<p>Drickflaska i rostfritt st\u00e5l med dubbla v\u00e4ggar (1000 ml). Har ett PP-lock med en skruvdispenser och b\u00e4r\u00f6gla. I botten finns ett litet skruvfack f\u00f6r f\u00f6rvaring. Interi\u00f6ren \u00e4r gjord av rostfritt st\u00e5l 304, och exteri\u00f6ren \u00e4r rostfritt st\u00e5l 201. Individuellt f\u00f6rpackad i en brun kartong.<\/p>\n","protected":false},"featured_media":304546,"template":"","meta":{"_acf_changed":false,"_seopress_robots_primary_cat":"","_seopress_titles_title":"","_seopress_titles_desc":"","_seopress_robots_index":""},"product_brand":[],"product_cat":[15],"product_tag":[],"class_list":{"0":"post-304545","1":"product","2":"type-product","3":"status-publish","4":"has-post-thumbnail","6":"product_cat-okategoriserad","7":"atta45_taxonomy-reflexer-verktyg-sakerhet-biltillbehor-sv","8":"atta45_taxonomy-tema-inspiration-branscher-sv","9":"atta45_taxonomy-flaskor-sv","10":"atta45_taxonomy-tema-inspiration-branscher-fordonsindustrin-sv","11":"atta45_taxonomy-tema-inspiration-branscher-konstruktion-sv","12":"atta45_taxonomy-tema-inspiration-ogonblick-kontorsliv-sv","13":"atta45_taxonomy-tema-inspiration-sv","14":"atta45_taxonomy-fritid-vattenflaskor-sv","16":"first","17":"instock","18":"taxable","19":"shipping-taxable","20":"purchasable","21":"product-type-variable"},"acf":[],"_links":{"self":[{"href":"https:\/\/www.atta45.se\/e-butik\/wp-json\/wp\/v2\/product\/304545","targetHints":{"allow":["GET"]}}],"collection":[{"href":"https:\/\/www.atta45.se\/e-butik\/wp-json\/wp\/v2\/product"}],"about":[{"href":"https:\/\/www.atta45.se\/e-butik\/wp-json\/wp\/v2\/types\/product"}],"wp:featuredmedia":[{"embeddable":true,"href":"https:\/\/www.atta45.se\/e-butik\/wp-json\/wp\/v2\/media\/304546"}],"wp:attachment":[{"href":"https:\/\/www.atta45.se\/e-butik\/wp-json\/wp\/v2\/media?parent=304545"}],"wp:term":[{"taxonomy":"product_brand","embeddable":true,"href":"https:\/\/www.atta45.se\/e-butik\/wp-json\/wp\/v2\/product_brand?post=304545"},{"taxonomy":"product_cat","embeddable":true,"href":"https:\/\/www.atta45.se\/e-butik\/wp-json\/wp\/v2\/product_cat?post=304545"},{"taxonomy":"product_tag","embeddable":true,"href":"https:\/\/www.atta45.se\/e-butik\/wp-json\/wp\/v2\/product_tag?post=304545"}],"curies":[{"name":"wp","href":"https:\/\/api.w.org\/{rel}","templated":true}]}}