{"id":304513,"date":"2025-04-16T22:52:14","date_gmt":"2025-04-16T20:52:14","guid":{"rendered":"https:\/\/www.atta45.se\/e-butik\/produkt\/dubbelvaggad-flaska-i-rostfritt-stal-425-ml-mary\/"},"modified":"2025-10-27T20:58:55","modified_gmt":"2025-10-27T19:58:55","slug":"dubbelvaggad-flaska-i-rostfritt-stal-425-ml-mary","status":"publish","type":"product","link":"https:\/\/www.atta45.se\/e-butik\/produkt\/dubbelvaggad-flaska-i-rostfritt-stal-425-ml-mary\/","title":{"rendered":"Dubbelv\u00e4ggad flaska i rostfritt st\u00e5l (425 ml) Mary"},"content":{"rendered":"<p>Drickflaska i rostfritt st\u00e5l med dubbla v\u00e4ggar (425 ml) med en inbyggd, avtagbar tesil. Interi\u00f6ren \u00e4r gjord av rostfritt st\u00e5l 304 och utsidan \u00e4r rostfritt st\u00e5l 201. Individuellt f\u00f6rpackad i en brun kartong.<\/p>\n","protected":false},"excerpt":{"rendered":"<p>Drickflaska i rostfritt st\u00e5l med dubbla v\u00e4ggar (425 ml) med en inbyggd, avtagbar tesil. Interi\u00f6ren \u00e4r gjord av rostfritt st\u00e5l 304 och utsidan \u00e4r rostfritt st\u00e5l 201. Individuellt f\u00f6rpackad i en brun kartong.<\/p>\n","protected":false},"featured_media":304514,"template":"","meta":{"_acf_changed":false,"_seopress_robots_primary_cat":"","_seopress_titles_title":"","_seopress_titles_desc":"","_seopress_robots_index":""},"product_brand":[],"product_cat":[15],"product_tag":[],"class_list":{"0":"post-304513","1":"product","2":"type-product","3":"status-publish","4":"has-post-thumbnail","6":"product_cat-okategoriserad","7":"atta45_taxonomy-reflexer-verktyg-sakerhet-biltillbehor-sv","8":"atta45_taxonomy-tema-inspiration-branscher-sv","9":"atta45_taxonomy-flaskor-sv","10":"atta45_taxonomy-tema-inspiration-branscher-fordonsindustrin-sv","11":"atta45_taxonomy-tema-inspiration-branscher-konstruktion-sv","12":"atta45_taxonomy-tema-inspiration-ogonblick-pa-vagen-sv","13":"atta45_taxonomy-tema-inspiration-sv","14":"atta45_taxonomy-fritid-vattenflaskor-sv","16":"first","17":"instock","18":"taxable","19":"shipping-taxable","20":"purchasable","21":"product-type-variable"},"acf":[],"_links":{"self":[{"href":"https:\/\/www.atta45.se\/e-butik\/wp-json\/wp\/v2\/product\/304513","targetHints":{"allow":["GET"]}}],"collection":[{"href":"https:\/\/www.atta45.se\/e-butik\/wp-json\/wp\/v2\/product"}],"about":[{"href":"https:\/\/www.atta45.se\/e-butik\/wp-json\/wp\/v2\/types\/product"}],"wp:featuredmedia":[{"embeddable":true,"href":"https:\/\/www.atta45.se\/e-butik\/wp-json\/wp\/v2\/media\/304514"}],"wp:attachment":[{"href":"https:\/\/www.atta45.se\/e-butik\/wp-json\/wp\/v2\/media?parent=304513"}],"wp:term":[{"taxonomy":"product_brand","embeddable":true,"href":"https:\/\/www.atta45.se\/e-butik\/wp-json\/wp\/v2\/product_brand?post=304513"},{"taxonomy":"product_cat","embeddable":true,"href":"https:\/\/www.atta45.se\/e-butik\/wp-json\/wp\/v2\/product_cat?post=304513"},{"taxonomy":"product_tag","embeddable":true,"href":"https:\/\/www.atta45.se\/e-butik\/wp-json\/wp\/v2\/product_tag?post=304513"}],"curies":[{"name":"wp","href":"https:\/\/api.w.org\/{rel}","templated":true}]}}