{"id":304503,"date":"2025-04-16T22:51:14","date_gmt":"2025-04-16T20:51:14","guid":{"rendered":"https:\/\/www.atta45.se\/e-butik\/produkt\/brandcharger-everybit-lite-multiverktyg\/"},"modified":"2025-10-27T20:58:01","modified_gmt":"2025-10-27T19:58:01","slug":"brandcharger-everybit-lite-multiverktyg","status":"publish","type":"product","link":"https:\/\/www.atta45.se\/e-butik\/produkt\/brandcharger-everybit-lite-multiverktyg\/","title":{"rendered":"BrandCharger Everybit Lite multiverktyg"},"content":{"rendered":"<p>Everybit Lite multiverktyget \u00e4r perfekt f\u00f6r att reparera ett brett utbud av enheter, inklusive smartphones, MacBooks, iPads, elektronik, klockor, kameror, b\u00e4rbara datorer, glas\u00f6gon, kretskort, leksaker, PC och spelkonsoler. Den har 24 magnetiska precisionsbitar gjorda av slitstarkt CRV-st\u00e5l och ett handtag i aluminiumlegering f\u00f6r ett bekv\u00e4mt grepp. Perfekt f\u00f6r alla dina reparationsbehov.<\/p>\n","protected":false},"excerpt":{"rendered":"<p>Everybit Lite multiverktyget \u00e4r perfekt f\u00f6r att reparera ett brett utbud av enheter, inklusive smartphones, MacBooks, iPads, elektronik, klockor, kameror, b\u00e4rbara datorer, glas\u00f6gon, kretskort, leksaker, PC och spelkonsoler. Den har 24 magnetiska precisionsbitar gjorda av slitstarkt CRV-st\u00e5l och ett handtag i aluminiumlegering f\u00f6r ett bekv\u00e4mt grepp. Perfekt f\u00f6r alla dina reparationsbehov.<\/p>\n","protected":false},"featured_media":304504,"template":"","meta":{"_acf_changed":false,"_seopress_robots_primary_cat":"","_seopress_titles_title":"","_seopress_titles_desc":"","_seopress_robots_index":""},"product_brand":[],"product_cat":[15],"product_tag":[],"class_list":{"0":"post-304503","1":"product","2":"type-product","3":"status-publish","4":"has-post-thumbnail","6":"product_cat-okategoriserad","7":"atta45_taxonomy-reflexer-verktyg-sakerhet-multiverktyg-sv","8":"atta45_taxonomy-tema-inspiration-utvalda-produkter-nyheter-sv","9":"atta45_taxonomy-nyheter-sv","10":"atta45_taxonomy-tema-inspiration-varumarken-sv","11":"atta45_taxonomy-reflexer-verktyg-sakerhet-verktyg-sv","13":"first","14":"instock","15":"taxable","16":"shipping-taxable","17":"purchasable","18":"product-type-variable"},"acf":[],"_links":{"self":[{"href":"https:\/\/www.atta45.se\/e-butik\/wp-json\/wp\/v2\/product\/304503","targetHints":{"allow":["GET"]}}],"collection":[{"href":"https:\/\/www.atta45.se\/e-butik\/wp-json\/wp\/v2\/product"}],"about":[{"href":"https:\/\/www.atta45.se\/e-butik\/wp-json\/wp\/v2\/types\/product"}],"wp:featuredmedia":[{"embeddable":true,"href":"https:\/\/www.atta45.se\/e-butik\/wp-json\/wp\/v2\/media\/304504"}],"wp:attachment":[{"href":"https:\/\/www.atta45.se\/e-butik\/wp-json\/wp\/v2\/media?parent=304503"}],"wp:term":[{"taxonomy":"product_brand","embeddable":true,"href":"https:\/\/www.atta45.se\/e-butik\/wp-json\/wp\/v2\/product_brand?post=304503"},{"taxonomy":"product_cat","embeddable":true,"href":"https:\/\/www.atta45.se\/e-butik\/wp-json\/wp\/v2\/product_cat?post=304503"},{"taxonomy":"product_tag","embeddable":true,"href":"https:\/\/www.atta45.se\/e-butik\/wp-json\/wp\/v2\/product_tag?post=304503"}],"curies":[{"name":"wp","href":"https:\/\/api.w.org\/{rel}","templated":true}]}}