{"id":30450,"date":"2024-12-26T16:58:09","date_gmt":"2024-12-26T15:58:09","guid":{"rendered":"https:\/\/www.atta45.se\/e-butik\/?post_type=product&#038;p=30450"},"modified":"2025-10-28T04:53:00","modified_gmt":"2025-10-28T03:53:00","slug":"frontlit-banner-banderoll","status":"publish","type":"product","link":"https:\/\/www.atta45.se\/e-butik\/produkt\/frontlit-banner-banderoll\/","title":{"rendered":"Banderoll, banner frontlit"},"content":{"rendered":"<p>Digitaltryckt Banner f\u00f6r b\u00e5de utomhus- och inomhusbruk. Frontlit 510 g \u00e4r en flamskyddad PVC-bestruken polyesterv\u00e4v av h\u00f6g kvalitet. Den \u00e4r f\u00f6ljsam med mycket god f\u00e4rg\u00e5tergivning. \u00d6ljetter ing\u00e5r. Kontakta oss g\u00e4rna f\u00f6r andra storlekar.<\/p>\n","protected":false},"excerpt":{"rendered":"<p>Digitaltryckt Banner f\u00f6r b\u00e5de utomhus- och inomhusbruk. Frontlit 510 g \u00e4r en flamskyddad PVC-bestruken polyesterv\u00e4v av h\u00f6g kvalitet. Den \u00e4r f\u00f6ljsam med mycket god f\u00e4rg\u00e5tergivning. \u00d6ljetter ing\u00e5r. Kontakta oss g\u00e4rna f\u00f6r andra storlekar.<\/p>\n","protected":false},"featured_media":30451,"template":"","meta":{"_acf_changed":false,"_seopress_robots_primary_cat":"","_seopress_titles_title":"","_seopress_titles_desc":"","_seopress_robots_index":""},"product_brand":[],"product_cat":[15],"product_tag":[],"class_list":{"0":"post-30450","1":"product","2":"type-product","3":"status-publish","4":"has-post-thumbnail","6":"product_cat-okategoriserad","7":"atta45_taxonomy-expo-event-banners-sv","8":"atta45_taxonomy-expo-event-flaggor-sv","10":"first","11":"instock","12":"taxable","13":"shipping-taxable","14":"purchasable","15":"product-type-variable"},"acf":[],"_links":{"self":[{"href":"https:\/\/www.atta45.se\/e-butik\/wp-json\/wp\/v2\/product\/30450","targetHints":{"allow":["GET"]}}],"collection":[{"href":"https:\/\/www.atta45.se\/e-butik\/wp-json\/wp\/v2\/product"}],"about":[{"href":"https:\/\/www.atta45.se\/e-butik\/wp-json\/wp\/v2\/types\/product"}],"wp:featuredmedia":[{"embeddable":true,"href":"https:\/\/www.atta45.se\/e-butik\/wp-json\/wp\/v2\/media\/30451"}],"wp:attachment":[{"href":"https:\/\/www.atta45.se\/e-butik\/wp-json\/wp\/v2\/media?parent=30450"}],"wp:term":[{"taxonomy":"product_brand","embeddable":true,"href":"https:\/\/www.atta45.se\/e-butik\/wp-json\/wp\/v2\/product_brand?post=30450"},{"taxonomy":"product_cat","embeddable":true,"href":"https:\/\/www.atta45.se\/e-butik\/wp-json\/wp\/v2\/product_cat?post=30450"},{"taxonomy":"product_tag","embeddable":true,"href":"https:\/\/www.atta45.se\/e-butik\/wp-json\/wp\/v2\/product_tag?post=30450"}],"curies":[{"name":"wp","href":"https:\/\/api.w.org\/{rel}","templated":true}]}}