{"id":304493,"date":"2025-04-16T22:50:13","date_gmt":"2025-04-16T20:50:13","guid":{"rendered":"https:\/\/www.atta45.se\/e-butik\/produkt\/brandcharger-kee-multiverktyg\/"},"modified":"2025-10-27T20:57:46","modified_gmt":"2025-10-27T19:57:46","slug":"brandcharger-kee-multiverktyg","status":"publish","type":"product","link":"https:\/\/www.atta45.se\/e-butik\/produkt\/brandcharger-kee-multiverktyg\/","title":{"rendered":"BrandCharger Kee multiverktyg"},"content":{"rendered":"<p>Multiverktyg tillverkat av slitstarkt 2CR13 martensitiskt rostfritt st\u00e5l, kombinerar 12 viktiga verktyg i en kompakt, nyckelformad design f\u00f6r enkel f\u00e4stning p\u00e5 valfri nyckelring. Den inneh\u00e5ller en cykelekernyckel, skiftnycklar (storlekar 4-10 mm), flask\u00f6ppnare, Phillips och platta skruvmejslar, tr\u00e5dbockare och b\u00e5de centimeter- och tumlinjaler. F\u00f6rpackad i en elegant svart l\u00e5da, det \u00e4r ett bekv\u00e4mt allt-i-ett-verktyg f\u00f6r vardagliga behov.<\/p>\n","protected":false},"excerpt":{"rendered":"<p>Multiverktyg tillverkat av slitstarkt 2CR13 martensitiskt rostfritt st\u00e5l, kombinerar 12 viktiga verktyg i en kompakt, nyckelformad design f\u00f6r enkel f\u00e4stning p\u00e5 valfri nyckelring. Den inneh\u00e5ller en cykelekernyckel, skiftnycklar (storlekar 4-10 mm), flask\u00f6ppnare, Phillips och platta skruvmejslar, tr\u00e5dbockare och b\u00e5de centimeter- och tumlinjaler. F\u00f6rpackad i en elegant svart l\u00e5da, det \u00e4r ett bekv\u00e4mt allt-i-ett-verktyg f\u00f6r vardagliga [&hellip;]<\/p>\n","protected":false},"featured_media":304494,"template":"","meta":{"_acf_changed":false,"_seopress_robots_primary_cat":"","_seopress_titles_title":"","_seopress_titles_desc":"","_seopress_robots_index":""},"product_brand":[],"product_cat":[15],"product_tag":[],"class_list":{"0":"post-304493","1":"product","2":"type-product","3":"status-publish","4":"has-post-thumbnail","6":"product_cat-okategoriserad","7":"atta45_taxonomy-praktiska-ting-nyckelringar-med-lampor-sv","8":"atta45_taxonomy-praktiska-ting-nyckelringar-utan-lampor-sv","9":"atta45_taxonomy-tema-inspiration-utvalda-produkter-nyheter-sv","10":"atta45_taxonomy-nyheter-sv","11":"atta45_taxonomy-tema-inspiration-varumarken-sv","13":"first","14":"instock","15":"taxable","16":"shipping-taxable","17":"purchasable","18":"product-type-variable"},"acf":[],"_links":{"self":[{"href":"https:\/\/www.atta45.se\/e-butik\/wp-json\/wp\/v2\/product\/304493","targetHints":{"allow":["GET"]}}],"collection":[{"href":"https:\/\/www.atta45.se\/e-butik\/wp-json\/wp\/v2\/product"}],"about":[{"href":"https:\/\/www.atta45.se\/e-butik\/wp-json\/wp\/v2\/types\/product"}],"wp:featuredmedia":[{"embeddable":true,"href":"https:\/\/www.atta45.se\/e-butik\/wp-json\/wp\/v2\/media\/304494"}],"wp:attachment":[{"href":"https:\/\/www.atta45.se\/e-butik\/wp-json\/wp\/v2\/media?parent=304493"}],"wp:term":[{"taxonomy":"product_brand","embeddable":true,"href":"https:\/\/www.atta45.se\/e-butik\/wp-json\/wp\/v2\/product_brand?post=304493"},{"taxonomy":"product_cat","embeddable":true,"href":"https:\/\/www.atta45.se\/e-butik\/wp-json\/wp\/v2\/product_cat?post=304493"},{"taxonomy":"product_tag","embeddable":true,"href":"https:\/\/www.atta45.se\/e-butik\/wp-json\/wp\/v2\/product_tag?post=304493"}],"curies":[{"name":"wp","href":"https:\/\/api.w.org\/{rel}","templated":true}]}}