{"id":304481,"date":"2025-04-16T22:49:13","date_gmt":"2025-04-16T20:49:13","guid":{"rendered":"https:\/\/www.atta45.se\/e-butik\/produkt\/brandcharger-twist-multiverktyg\/"},"modified":"2025-10-27T20:57:28","modified_gmt":"2025-10-27T19:57:28","slug":"brandcharger-twist-multiverktyg","status":"publish","type":"product","link":"https:\/\/www.atta45.se\/e-butik\/produkt\/brandcharger-twist-multiverktyg\/","title":{"rendered":"BrandCharger Twist multiverktyg"},"content":{"rendered":"<p>Multiverktyg tillverkat av h\u00e4rdat 420 martensitiskt rostfritt st\u00e5l och kombinerar 8 viktiga verktyg i en kompakt vriddesign som ligger bekv\u00e4mt i din hand. Detta m\u00e5ngsidiga verktyg inkluderar en tr\u00e5davsk\u00e4rare, cykelekernyckel, flera skiftnycklar (5,5-12 mm), nyckelring, flask\u00f6ppnare, karbinhake, Phillips och platta skruvmejslar samt en linjal. F\u00f6rpackad i en svart l\u00e5da med en mjuk skuminsats f\u00f6r skydd, den \u00e4r b\u00e5de elegant och praktisk, perfekt f\u00f6r vardagliga sysslor.<\/p>\n","protected":false},"excerpt":{"rendered":"<p>Multiverktyg tillverkat av h\u00e4rdat 420 martensitiskt rostfritt st\u00e5l och kombinerar 8 viktiga verktyg i en kompakt vriddesign som ligger bekv\u00e4mt i din hand. Detta m\u00e5ngsidiga verktyg inkluderar en tr\u00e5davsk\u00e4rare, cykelekernyckel, flera skiftnycklar (5,5-12 mm), nyckelring, flask\u00f6ppnare, karbinhake, Phillips och platta skruvmejslar samt en linjal. F\u00f6rpackad i en svart l\u00e5da med en mjuk skuminsats f\u00f6r skydd, [&hellip;]<\/p>\n","protected":false},"featured_media":304482,"template":"","meta":{"_acf_changed":false,"_seopress_robots_primary_cat":"","_seopress_titles_title":"","_seopress_titles_desc":"","_seopress_robots_index":""},"product_brand":[],"product_cat":[15],"product_tag":[],"class_list":{"0":"post-304481","1":"product","2":"type-product","3":"status-publish","4":"has-post-thumbnail","6":"product_cat-okategoriserad","7":"atta45_taxonomy-reflexer-verktyg-sakerhet-multiverktyg-sv","8":"atta45_taxonomy-tema-inspiration-utvalda-produkter-nyheter-sv","9":"atta45_taxonomy-nyheter-sv","10":"atta45_taxonomy-tema-inspiration-varumarken-sv","11":"atta45_taxonomy-reflexer-verktyg-sakerhet-verktyg-sv","13":"first","14":"instock","15":"taxable","16":"shipping-taxable","17":"purchasable","18":"product-type-variable"},"acf":[],"_links":{"self":[{"href":"https:\/\/www.atta45.se\/e-butik\/wp-json\/wp\/v2\/product\/304481","targetHints":{"allow":["GET"]}}],"collection":[{"href":"https:\/\/www.atta45.se\/e-butik\/wp-json\/wp\/v2\/product"}],"about":[{"href":"https:\/\/www.atta45.se\/e-butik\/wp-json\/wp\/v2\/types\/product"}],"wp:featuredmedia":[{"embeddable":true,"href":"https:\/\/www.atta45.se\/e-butik\/wp-json\/wp\/v2\/media\/304482"}],"wp:attachment":[{"href":"https:\/\/www.atta45.se\/e-butik\/wp-json\/wp\/v2\/media?parent=304481"}],"wp:term":[{"taxonomy":"product_brand","embeddable":true,"href":"https:\/\/www.atta45.se\/e-butik\/wp-json\/wp\/v2\/product_brand?post=304481"},{"taxonomy":"product_cat","embeddable":true,"href":"https:\/\/www.atta45.se\/e-butik\/wp-json\/wp\/v2\/product_cat?post=304481"},{"taxonomy":"product_tag","embeddable":true,"href":"https:\/\/www.atta45.se\/e-butik\/wp-json\/wp\/v2\/product_tag?post=304481"}],"curies":[{"name":"wp","href":"https:\/\/api.w.org\/{rel}","templated":true}]}}