{"id":304469,"date":"2025-04-16T22:48:15","date_gmt":"2025-04-16T20:48:15","guid":{"rendered":"https:\/\/www.atta45.se\/e-butik\/produkt\/brandcharger-ranger-multiverktyg\/"},"modified":"2025-10-27T20:57:10","modified_gmt":"2025-10-27T19:57:10","slug":"brandcharger-ranger-multiverktyg","status":"publish","type":"product","link":"https:\/\/www.atta45.se\/e-butik\/produkt\/brandcharger-ranger-multiverktyg\/","title":{"rendered":"BrandCharger Ranger multiverktyg"},"content":{"rendered":"<p>Ranger \u00e4r ett m\u00e5ngsidigt multiverktyg med \u00f6ver 11 verktyg i en kompakt, h\u00e5llbar design. Tillverkad av h\u00e4rdat, korrosionsbest\u00e4ndigt martensitiskt rostfritt st\u00e5l, inneh\u00e5ller det v\u00e4sentliga saker som en flask- och konserv\u00f6ppnare, skruvmejslar, tr\u00e5dsk\u00e4rare, 3CR13 kombikniv, t\u00e5ng, s\u00e5g och tr\u00e4-\/metallfil. Med en cykelekernyckel, tr\u00e5dbockare och b\u00e5de metriska och tumlinjaler \u00e4r Ranger det enda verktyget du beh\u00f6ver n\u00e4r du \u00e4r p\u00e5 spr\u00e5ng. Den levereras i en svart pappersl\u00e5da med en b\u00e4ltesficka f\u00f6r enkel att b\u00e4ra.<\/p>\n","protected":false},"excerpt":{"rendered":"<p>Ranger \u00e4r ett m\u00e5ngsidigt multiverktyg med \u00f6ver 11 verktyg i en kompakt, h\u00e5llbar design. Tillverkad av h\u00e4rdat, korrosionsbest\u00e4ndigt martensitiskt rostfritt st\u00e5l, inneh\u00e5ller det v\u00e4sentliga saker som en flask- och konserv\u00f6ppnare, skruvmejslar, tr\u00e5dsk\u00e4rare, 3CR13 kombikniv, t\u00e5ng, s\u00e5g och tr\u00e4-\/metallfil. Med en cykelekernyckel, tr\u00e5dbockare och b\u00e5de metriska och tumlinjaler \u00e4r Ranger det enda verktyget du beh\u00f6ver n\u00e4r [&hellip;]<\/p>\n","protected":false},"featured_media":304470,"template":"","meta":{"_acf_changed":false,"_seopress_robots_primary_cat":"","_seopress_titles_title":"","_seopress_titles_desc":"","_seopress_robots_index":""},"product_brand":[],"product_cat":[15],"product_tag":[],"class_list":{"0":"post-304469","1":"product","2":"type-product","3":"status-publish","4":"has-post-thumbnail","6":"product_cat-okategoriserad","7":"atta45_taxonomy-reflexer-verktyg-sakerhet-multiverktyg-sv","8":"atta45_taxonomy-tema-inspiration-utvalda-produkter-nyheter-sv","9":"atta45_taxonomy-nyheter-sv","10":"atta45_taxonomy-tema-inspiration-varumarken-sv","12":"first","13":"instock","14":"taxable","15":"shipping-taxable","16":"purchasable","17":"product-type-variable"},"acf":[],"_links":{"self":[{"href":"https:\/\/www.atta45.se\/e-butik\/wp-json\/wp\/v2\/product\/304469","targetHints":{"allow":["GET"]}}],"collection":[{"href":"https:\/\/www.atta45.se\/e-butik\/wp-json\/wp\/v2\/product"}],"about":[{"href":"https:\/\/www.atta45.se\/e-butik\/wp-json\/wp\/v2\/types\/product"}],"wp:featuredmedia":[{"embeddable":true,"href":"https:\/\/www.atta45.se\/e-butik\/wp-json\/wp\/v2\/media\/304470"}],"wp:attachment":[{"href":"https:\/\/www.atta45.se\/e-butik\/wp-json\/wp\/v2\/media?parent=304469"}],"wp:term":[{"taxonomy":"product_brand","embeddable":true,"href":"https:\/\/www.atta45.se\/e-butik\/wp-json\/wp\/v2\/product_brand?post=304469"},{"taxonomy":"product_cat","embeddable":true,"href":"https:\/\/www.atta45.se\/e-butik\/wp-json\/wp\/v2\/product_cat?post=304469"},{"taxonomy":"product_tag","embeddable":true,"href":"https:\/\/www.atta45.se\/e-butik\/wp-json\/wp\/v2\/product_tag?post=304469"}],"curies":[{"name":"wp","href":"https:\/\/api.w.org\/{rel}","templated":true}]}}