{"id":304449,"date":"2025-04-16T22:46:13","date_gmt":"2025-04-16T20:46:13","guid":{"rendered":"https:\/\/www.atta45.se\/e-butik\/produkt\/brandcharger-trident-2-laddkabel\/"},"modified":"2025-10-27T20:56:42","modified_gmt":"2025-10-27T19:56:42","slug":"brandcharger-trident-2-laddkabel","status":"publish","type":"product","link":"https:\/\/www.atta45.se\/e-butik\/produkt\/brandcharger-trident-2-laddkabel\/","title":{"rendered":"BrandCharger Trident 2 laddkabel"},"content":{"rendered":"<p>Trident 2 \u00e4r en ultrastark laddningskabel med en livsl\u00e4ngd p\u00e5 \u00f6ver 12 000 b\u00f6jningar \u2013 vilket g\u00f6r den sex g\u00e5nger starkare \u00e4n standardkablar. Byggd med en aluminiumbas och en f\u00f6rst\u00e4rkt nylonfl\u00e4tad jacka, den \u00e4r kompatibel med USB-A-, Type-C- och Lightning-anslutningar. Trident 2 st\u00f6der h\u00f6ghastighetsladdning f\u00f6r telefoner, surfplattor och b\u00e4rbara datorer, vilket kombinerar h\u00e5llbarhet med en raffinerad design.<\/p>\n","protected":false},"excerpt":{"rendered":"<p>Trident 2 \u00e4r en ultrastark laddningskabel med en livsl\u00e4ngd p\u00e5 \u00f6ver 12 000 b\u00f6jningar \u2013 vilket g\u00f6r den sex g\u00e5nger starkare \u00e4n standardkablar. Byggd med en aluminiumbas och en f\u00f6rst\u00e4rkt nylonfl\u00e4tad jacka, den \u00e4r kompatibel med USB-A-, Type-C- och Lightning-anslutningar. Trident 2 st\u00f6der h\u00f6ghastighetsladdning f\u00f6r telefoner, surfplattor och b\u00e4rbara datorer, vilket kombinerar h\u00e5llbarhet med en [&hellip;]<\/p>\n","protected":false},"featured_media":304450,"template":"","meta":{"_acf_changed":false,"_seopress_robots_primary_cat":"","_seopress_titles_title":"","_seopress_titles_desc":"","_seopress_robots_index":""},"product_brand":[],"product_cat":[15],"product_tag":[],"class_list":{"0":"post-304449","1":"product","2":"type-product","3":"status-publish","4":"has-post-thumbnail","6":"product_cat-okategoriserad","7":"atta45_taxonomy-elektronik-kontor-datortillbehor-sv","8":"atta45_taxonomy-elektronik-kontor-sv","9":"atta45_taxonomy-elektronik-kontor-kontorsartiklar-sv","10":"atta45_taxonomy-mobiltillbehor-mobiltillbehor-sv","11":"atta45_taxonomy-nyheter-sv","12":"atta45_taxonomy-tema-inspiration-utvalda-produkter-nyheter-sv","13":"atta45_taxonomy-elektronik-kontor-powerbank-speakers-sv","14":"atta45_taxonomy-tema-inspiration-varumarken-sv","16":"first","17":"instock","18":"taxable","19":"shipping-taxable","20":"purchasable","21":"product-type-variable"},"acf":[],"_links":{"self":[{"href":"https:\/\/www.atta45.se\/e-butik\/wp-json\/wp\/v2\/product\/304449","targetHints":{"allow":["GET"]}}],"collection":[{"href":"https:\/\/www.atta45.se\/e-butik\/wp-json\/wp\/v2\/product"}],"about":[{"href":"https:\/\/www.atta45.se\/e-butik\/wp-json\/wp\/v2\/types\/product"}],"wp:featuredmedia":[{"embeddable":true,"href":"https:\/\/www.atta45.se\/e-butik\/wp-json\/wp\/v2\/media\/304450"}],"wp:attachment":[{"href":"https:\/\/www.atta45.se\/e-butik\/wp-json\/wp\/v2\/media?parent=304449"}],"wp:term":[{"taxonomy":"product_brand","embeddable":true,"href":"https:\/\/www.atta45.se\/e-butik\/wp-json\/wp\/v2\/product_brand?post=304449"},{"taxonomy":"product_cat","embeddable":true,"href":"https:\/\/www.atta45.se\/e-butik\/wp-json\/wp\/v2\/product_cat?post=304449"},{"taxonomy":"product_tag","embeddable":true,"href":"https:\/\/www.atta45.se\/e-butik\/wp-json\/wp\/v2\/product_tag?post=304449"}],"curies":[{"name":"wp","href":"https:\/\/api.w.org\/{rel}","templated":true}]}}