{"id":304439,"date":"2025-04-16T22:45:13","date_gmt":"2025-04-16T20:45:13","guid":{"rendered":"https:\/\/www.atta45.se\/e-butik\/produkt\/brandcharger-volt-laddningskabel\/"},"modified":"2025-10-27T20:56:27","modified_gmt":"2025-10-27T19:56:27","slug":"brandcharger-volt-laddningskabel","status":"publish","type":"product","link":"https:\/\/www.atta45.se\/e-butik\/produkt\/brandcharger-volt-laddningskabel\/","title":{"rendered":"BrandCharger Volt laddningskabel"},"content":{"rendered":"<p>Volt \u00e4r en premium USB-C-laddnings- och datakabel gjord av \u00e5tervunna PET-flaskor, med h\u00e5llbara aluminiumspetsar och ett 7 mm lyxigt fl\u00e4tat h\u00f6lje. Med st\u00f6d f\u00f6r h\u00f6ghastighetsladdning p\u00e5 60 W och USB 2.0-data\u00f6verf\u00f6ring \u00e4r Volt perfekt f\u00f6r milj\u00f6medvetna anv\u00e4ndare som vill ha h\u00f6gpresterande anslutningar f\u00f6r b\u00e4rbara datorer, surfplattor och smartphones. Med Power Delivery (PD)-kompatibilitet ger den snabbare laddning \u00e4n standardkablar, och kombinerar stil, h\u00e5llbarhet och effektivitet.<\/p>\n","protected":false},"excerpt":{"rendered":"<p>Volt \u00e4r en premium USB-C-laddnings- och datakabel gjord av \u00e5tervunna PET-flaskor, med h\u00e5llbara aluminiumspetsar och ett 7 mm lyxigt fl\u00e4tat h\u00f6lje. Med st\u00f6d f\u00f6r h\u00f6ghastighetsladdning p\u00e5 60 W och USB 2.0-data\u00f6verf\u00f6ring \u00e4r Volt perfekt f\u00f6r milj\u00f6medvetna anv\u00e4ndare som vill ha h\u00f6gpresterande anslutningar f\u00f6r b\u00e4rbara datorer, surfplattor och smartphones. Med Power Delivery (PD)-kompatibilitet ger den snabbare [&hellip;]<\/p>\n","protected":false},"featured_media":304440,"template":"","meta":{"_acf_changed":false,"_seopress_robots_primary_cat":"","_seopress_titles_title":"","_seopress_titles_desc":"","_seopress_robots_index":""},"product_brand":[],"product_cat":[15],"product_tag":[],"class_list":{"0":"post-304439","1":"product","2":"type-product","3":"status-publish","4":"has-post-thumbnail","6":"product_cat-okategoriserad","7":"atta45_taxonomy-elektronik-kontor-datortillbehor-sv","8":"atta45_taxonomy-elektronik-kontor-sv","9":"atta45_taxonomy-elektronik-kontor-kontorsartiklar-sv","10":"atta45_taxonomy-mobiltillbehor-mobiltillbehor-sv","11":"atta45_taxonomy-tema-inspiration-utvalda-produkter-nyheter-sv","12":"atta45_taxonomy-nyheter-sv","13":"atta45_taxonomy-tema-inspiration-varumarken-sv","15":"first","16":"instock","17":"taxable","18":"shipping-taxable","19":"purchasable","20":"product-type-variable"},"acf":[],"_links":{"self":[{"href":"https:\/\/www.atta45.se\/e-butik\/wp-json\/wp\/v2\/product\/304439","targetHints":{"allow":["GET"]}}],"collection":[{"href":"https:\/\/www.atta45.se\/e-butik\/wp-json\/wp\/v2\/product"}],"about":[{"href":"https:\/\/www.atta45.se\/e-butik\/wp-json\/wp\/v2\/types\/product"}],"wp:featuredmedia":[{"embeddable":true,"href":"https:\/\/www.atta45.se\/e-butik\/wp-json\/wp\/v2\/media\/304440"}],"wp:attachment":[{"href":"https:\/\/www.atta45.se\/e-butik\/wp-json\/wp\/v2\/media?parent=304439"}],"wp:term":[{"taxonomy":"product_brand","embeddable":true,"href":"https:\/\/www.atta45.se\/e-butik\/wp-json\/wp\/v2\/product_brand?post=304439"},{"taxonomy":"product_cat","embeddable":true,"href":"https:\/\/www.atta45.se\/e-butik\/wp-json\/wp\/v2\/product_cat?post=304439"},{"taxonomy":"product_tag","embeddable":true,"href":"https:\/\/www.atta45.se\/e-butik\/wp-json\/wp\/v2\/product_tag?post=304439"}],"curies":[{"name":"wp","href":"https:\/\/api.w.org\/{rel}","templated":true}]}}