{"id":304426,"date":"2025-04-16T22:44:13","date_gmt":"2025-04-16T20:44:13","guid":{"rendered":"https:\/\/www.atta45.se\/e-butik\/produkt\/brandcharger-lany-laddningskabel-for-armband\/"},"modified":"2025-10-27T20:56:10","modified_gmt":"2025-10-27T19:56:10","slug":"brandcharger-lany-laddningskabel-for-armband","status":"publish","type":"product","link":"https:\/\/www.atta45.se\/e-butik\/produkt\/brandcharger-lany-laddningskabel-for-armband\/","title":{"rendered":"BrandCharger Lany Laddningskabel f\u00f6r armband"},"content":{"rendered":"<p>Lany Wristband Charge laddningskabel \u00e4r en praktisk f\u00f6retagspresent som f\u00f6rvandlar vilket mobilskal som helst till en handsfree handledsrem. Den \u00e4r tillverkad av \u00e5tervunna PET-flaskor och \u00e4r l\u00e4tt, h\u00e5llbar, justerbar och testad f\u00f6r att h\u00e5lla upp till 8 kg. Den \u00e4r kompatibel med de flesta telefonfodral och laddningsv\u00e4nlig. Med en fl\u00e4tad rPET-nylonkabel med Type-C-ing\u00e5ng och USB Type-C-utg\u00e5ng, st\u00f6der den upp till 60W effekt f\u00f6r snabb laddning och data\u00f6verf\u00f6ring. Den kompakta 22 cm l\u00e5nga kabeln ger m\u00e5ngsidighet till detta viktiga tillbeh\u00f6r.<\/p>\n","protected":false},"excerpt":{"rendered":"<p>Lany Wristband Charge laddningskabel \u00e4r en praktisk f\u00f6retagspresent som f\u00f6rvandlar vilket mobilskal som helst till en handsfree handledsrem. Den \u00e4r tillverkad av \u00e5tervunna PET-flaskor och \u00e4r l\u00e4tt, h\u00e5llbar, justerbar och testad f\u00f6r att h\u00e5lla upp till 8 kg. Den \u00e4r kompatibel med de flesta telefonfodral och laddningsv\u00e4nlig. Med en fl\u00e4tad rPET-nylonkabel med Type-C-ing\u00e5ng och USB [&hellip;]<\/p>\n","protected":false},"featured_media":304427,"template":"","meta":{"_acf_changed":false,"_seopress_robots_primary_cat":"","_seopress_titles_title":"","_seopress_titles_desc":"","_seopress_robots_index":""},"product_brand":[],"product_cat":[15],"product_tag":[],"class_list":{"0":"post-304426","1":"product","2":"type-product","3":"status-publish","4":"has-post-thumbnail","6":"product_cat-okategoriserad","7":"atta45_taxonomy-elektronik-kontor-datortillbehor-sv","8":"atta45_taxonomy-elektronik-kontor-sv","9":"atta45_taxonomy-elektronik-kontor-kontorsartiklar-sv","10":"atta45_taxonomy-mobiltillbehor-mobiltillbehor-sv","11":"atta45_taxonomy-tema-inspiration-utvalda-produkter-nyheter-sv","12":"atta45_taxonomy-nyheter-sv","13":"atta45_taxonomy-elektronik-kontor-powerbank-speakers-sv","14":"atta45_taxonomy-tema-inspiration-varumarken-sv","16":"first","17":"instock","18":"taxable","19":"shipping-taxable","20":"purchasable","21":"product-type-variable"},"acf":[],"_links":{"self":[{"href":"https:\/\/www.atta45.se\/e-butik\/wp-json\/wp\/v2\/product\/304426","targetHints":{"allow":["GET"]}}],"collection":[{"href":"https:\/\/www.atta45.se\/e-butik\/wp-json\/wp\/v2\/product"}],"about":[{"href":"https:\/\/www.atta45.se\/e-butik\/wp-json\/wp\/v2\/types\/product"}],"wp:featuredmedia":[{"embeddable":true,"href":"https:\/\/www.atta45.se\/e-butik\/wp-json\/wp\/v2\/media\/304427"}],"wp:attachment":[{"href":"https:\/\/www.atta45.se\/e-butik\/wp-json\/wp\/v2\/media?parent=304426"}],"wp:term":[{"taxonomy":"product_brand","embeddable":true,"href":"https:\/\/www.atta45.se\/e-butik\/wp-json\/wp\/v2\/product_brand?post=304426"},{"taxonomy":"product_cat","embeddable":true,"href":"https:\/\/www.atta45.se\/e-butik\/wp-json\/wp\/v2\/product_cat?post=304426"},{"taxonomy":"product_tag","embeddable":true,"href":"https:\/\/www.atta45.se\/e-butik\/wp-json\/wp\/v2\/product_tag?post=304426"}],"curies":[{"name":"wp","href":"https:\/\/api.w.org\/{rel}","templated":true}]}}