{"id":304414,"date":"2025-04-16T22:43:14","date_gmt":"2025-04-16T20:43:14","guid":{"rendered":"https:\/\/www.atta45.se\/e-butik\/produkt\/brandcharger-lany-logoband\/"},"modified":"2025-10-27T20:55:52","modified_gmt":"2025-10-27T19:55:52","slug":"brandcharger-lany-logoband","status":"publish","type":"product","link":"https:\/\/www.atta45.se\/e-butik\/produkt\/brandcharger-lany-logoband\/","title":{"rendered":"Logoband BrandCharger Lany"},"content":{"rendered":"<p>Tillverkad av \u00e5tervunna PET-flaskor, kan b\u00e4ras som en handsfree crossbody med en slimmad, h\u00e5llbar metalldesign. Denna justerbara, laddningsv\u00e4nliga remadapter \u00e4r kompatibel med de flesta telefonfodral, bekv\u00e4mlighet n\u00e4r du \u00e4r p\u00e5 spr\u00e5ng.<\/p>\n","protected":false},"excerpt":{"rendered":"<p>Tillverkad av \u00e5tervunna PET-flaskor, kan b\u00e4ras som en handsfree crossbody med en slimmad, h\u00e5llbar metalldesign. Denna justerbara, laddningsv\u00e4nliga remadapter \u00e4r kompatibel med de flesta telefonfodral, bekv\u00e4mlighet n\u00e4r du \u00e4r p\u00e5 spr\u00e5ng.<\/p>\n","protected":false},"featured_media":304415,"template":"","meta":{"_acf_changed":false,"_seopress_robots_primary_cat":"","_seopress_titles_title":"","_seopress_titles_desc":"","_seopress_robots_index":""},"product_brand":[],"product_cat":[15],"product_tag":[],"class_list":{"0":"post-304414","1":"product","2":"type-product","3":"status-publish","4":"has-post-thumbnail","6":"product_cat-okategoriserad","7":"atta45_taxonomy-elektronik-kontor-sv","8":"atta45_taxonomy-mobiltillbehor-mobiltillbehor-sv","9":"atta45_taxonomy-nyheter-sv","10":"atta45_taxonomy-tema-inspiration-utvalda-produkter-nyheter-sv","11":"atta45_taxonomy-tema-inspiration-varumarken-sv","13":"first","14":"instock","15":"taxable","16":"shipping-taxable","17":"purchasable","18":"product-type-variable"},"acf":[],"_links":{"self":[{"href":"https:\/\/www.atta45.se\/e-butik\/wp-json\/wp\/v2\/product\/304414","targetHints":{"allow":["GET"]}}],"collection":[{"href":"https:\/\/www.atta45.se\/e-butik\/wp-json\/wp\/v2\/product"}],"about":[{"href":"https:\/\/www.atta45.se\/e-butik\/wp-json\/wp\/v2\/types\/product"}],"wp:featuredmedia":[{"embeddable":true,"href":"https:\/\/www.atta45.se\/e-butik\/wp-json\/wp\/v2\/media\/304415"}],"wp:attachment":[{"href":"https:\/\/www.atta45.se\/e-butik\/wp-json\/wp\/v2\/media?parent=304414"}],"wp:term":[{"taxonomy":"product_brand","embeddable":true,"href":"https:\/\/www.atta45.se\/e-butik\/wp-json\/wp\/v2\/product_brand?post=304414"},{"taxonomy":"product_cat","embeddable":true,"href":"https:\/\/www.atta45.se\/e-butik\/wp-json\/wp\/v2\/product_cat?post=304414"},{"taxonomy":"product_tag","embeddable":true,"href":"https:\/\/www.atta45.se\/e-butik\/wp-json\/wp\/v2\/product_tag?post=304414"}],"curies":[{"name":"wp","href":"https:\/\/api.w.org\/{rel}","templated":true}]}}