{"id":304392,"date":"2025-04-16T22:41:13","date_gmt":"2025-04-16T20:41:13","guid":{"rendered":"https:\/\/www.atta45.se\/e-butik\/produkt\/brandcharger-the-ascend-laddare-och-telefonhallare\/"},"modified":"2025-10-27T20:55:16","modified_gmt":"2025-10-27T19:55:16","slug":"brandcharger-the-ascend-laddare-och-telefonhallare","status":"publish","type":"product","link":"https:\/\/www.atta45.se\/e-butik\/produkt\/brandcharger-the-ascend-laddare-och-telefonhallare\/","title":{"rendered":"BrandCharger The Ascend laddare och telefonh\u00e5llare"},"content":{"rendered":"<p>Ascend Charge Eco h\u00e5llare f\u00f6r telefon- och surfplattah\u00e5llare med laddningsfunktion. Tillverkad av RPET, certifierad av Recycled Claim Standard (RCS). Den har 15W snabb tr\u00e5dl\u00f6s laddning, \u00e4r MagSafe-kompatibel och inkluderar en MagSafe-dekal av silikon. Med en justerbar vinkel och vikbar design \u00e4r det ett praktiskt, milj\u00f6v\u00e4nligt tillbeh\u00f6r f\u00f6r alla arbetsplatser. Patentskyddad f\u00f6r unik funktionalitet.<\/p>\n","protected":false},"excerpt":{"rendered":"<p>Ascend Charge Eco h\u00e5llare f\u00f6r telefon- och surfplattah\u00e5llare med laddningsfunktion. Tillverkad av RPET, certifierad av Recycled Claim Standard (RCS). Den har 15W snabb tr\u00e5dl\u00f6s laddning, \u00e4r MagSafe-kompatibel och inkluderar en MagSafe-dekal av silikon. Med en justerbar vinkel och vikbar design \u00e4r det ett praktiskt, milj\u00f6v\u00e4nligt tillbeh\u00f6r f\u00f6r alla arbetsplatser. Patentskyddad f\u00f6r unik funktionalitet.<\/p>\n","protected":false},"featured_media":304393,"template":"","meta":{"_acf_changed":false,"_seopress_robots_primary_cat":"","_seopress_titles_title":"","_seopress_titles_desc":"","_seopress_robots_index":""},"product_brand":[],"product_cat":[15],"product_tag":[],"class_list":{"0":"post-304392","1":"product","2":"type-product","3":"status-publish","4":"has-post-thumbnail","6":"product_cat-okategoriserad","7":"atta45_taxonomy-elektronik-kontor-datortillbehor-sv","8":"atta45_taxonomy-elektronik-kontor-sv","9":"atta45_taxonomy-elektronik-kontor-kontorsartiklar-sv","10":"atta45_taxonomy-mobiltillbehor-mobiltillbehor-sv","11":"atta45_taxonomy-nyheter-sv","12":"atta45_taxonomy-tema-inspiration-utvalda-produkter-nyheter-sv","13":"atta45_taxonomy-elektronik-kontor-powerbank-speakers-sv","14":"atta45_taxonomy-tema-inspiration-varumarken-sv","16":"first","17":"instock","18":"taxable","19":"shipping-taxable","20":"purchasable","21":"product-type-variable"},"acf":[],"_links":{"self":[{"href":"https:\/\/www.atta45.se\/e-butik\/wp-json\/wp\/v2\/product\/304392","targetHints":{"allow":["GET"]}}],"collection":[{"href":"https:\/\/www.atta45.se\/e-butik\/wp-json\/wp\/v2\/product"}],"about":[{"href":"https:\/\/www.atta45.se\/e-butik\/wp-json\/wp\/v2\/types\/product"}],"wp:featuredmedia":[{"embeddable":true,"href":"https:\/\/www.atta45.se\/e-butik\/wp-json\/wp\/v2\/media\/304393"}],"wp:attachment":[{"href":"https:\/\/www.atta45.se\/e-butik\/wp-json\/wp\/v2\/media?parent=304392"}],"wp:term":[{"taxonomy":"product_brand","embeddable":true,"href":"https:\/\/www.atta45.se\/e-butik\/wp-json\/wp\/v2\/product_brand?post=304392"},{"taxonomy":"product_cat","embeddable":true,"href":"https:\/\/www.atta45.se\/e-butik\/wp-json\/wp\/v2\/product_cat?post=304392"},{"taxonomy":"product_tag","embeddable":true,"href":"https:\/\/www.atta45.se\/e-butik\/wp-json\/wp\/v2\/product_tag?post=304392"}],"curies":[{"name":"wp","href":"https:\/\/api.w.org\/{rel}","templated":true}]}}