{"id":304382,"date":"2025-04-16T22:40:14","date_gmt":"2025-04-16T20:40:14","guid":{"rendered":"https:\/\/www.atta45.se\/e-butik\/produkt\/brandcharger-powerwave-10-000-tradlos-laddare\/"},"modified":"2025-10-27T20:54:55","modified_gmt":"2025-10-27T19:54:55","slug":"brandcharger-powerwave-10-000-tradlos-laddare","status":"publish","type":"product","link":"https:\/\/www.atta45.se\/e-butik\/produkt\/brandcharger-powerwave-10-000-tradlos-laddare\/","title":{"rendered":"BrandCharger Powerwave 10 000 tr\u00e5dl\u00f6s laddare"},"content":{"rendered":"<p>Elegant  magnetisk 10 000 mAh powerbank, designad f\u00f6r bekv\u00e4mlighet. Med en elegant unibody i aluminium och en kapacitet p\u00e5 10 000 mAh st\u00f6der den 15W snabb tr\u00e5dl\u00f6s laddning (MagSafe, Qi1 och Qi2-kompatibel). F\u00f6r tr\u00e5dbunden laddning finns en 20W USB-C-port med PD 3.0 driver b\u00e4rbara datorer och andra enheter. LCD-sk\u00e4rmen visar batteristatus, vilket s\u00e4kerst\u00e4ller att du alltid \u00e4r f\u00f6rberedd. Utrustad med ett smart chip skyddar den enheter fr\u00e5n \u00f6verstr\u00f6m, \u00f6verladdning, \u00f6verhettning och kortslutning, vilket ger p\u00e5litlig och s\u00e4ker laddning.<\/p>\n","protected":false},"excerpt":{"rendered":"<p>Elegant magnetisk 10 000 mAh powerbank, designad f\u00f6r bekv\u00e4mlighet. Med en elegant unibody i aluminium och en kapacitet p\u00e5 10 000 mAh st\u00f6der den 15W snabb tr\u00e5dl\u00f6s laddning (MagSafe, Qi1 och Qi2-kompatibel). F\u00f6r tr\u00e5dbunden laddning finns en 20W USB-C-port med PD 3.0 driver b\u00e4rbara datorer och andra enheter. LCD-sk\u00e4rmen visar batteristatus, vilket s\u00e4kerst\u00e4ller att du [&hellip;]<\/p>\n","protected":false},"featured_media":304383,"template":"","meta":{"_acf_changed":false,"_seopress_robots_primary_cat":"","_seopress_titles_title":"","_seopress_titles_desc":"","_seopress_robots_index":""},"product_brand":[],"product_cat":[15],"product_tag":[],"class_list":{"0":"post-304382","1":"product","2":"type-product","3":"status-publish","4":"has-post-thumbnail","6":"product_cat-okategoriserad","7":"atta45_taxonomy-elektronik-kontor-datortillbehor-sv","8":"atta45_taxonomy-elektronik-kontor-sv","9":"atta45_taxonomy-elektronik-kontor-kontorsartiklar-sv","10":"atta45_taxonomy-mobiltillbehor-mobiltillbehor-sv","11":"atta45_taxonomy-nyheter-sv","12":"atta45_taxonomy-tema-inspiration-utvalda-produkter-nyheter-sv","13":"atta45_taxonomy-elektronik-kontor-powerbank-speakers-sv","14":"atta45_taxonomy-tema-inspiration-varumarken-sv","16":"first","17":"instock","18":"taxable","19":"shipping-taxable","20":"purchasable","21":"product-type-variable"},"acf":[],"_links":{"self":[{"href":"https:\/\/www.atta45.se\/e-butik\/wp-json\/wp\/v2\/product\/304382","targetHints":{"allow":["GET"]}}],"collection":[{"href":"https:\/\/www.atta45.se\/e-butik\/wp-json\/wp\/v2\/product"}],"about":[{"href":"https:\/\/www.atta45.se\/e-butik\/wp-json\/wp\/v2\/types\/product"}],"wp:featuredmedia":[{"embeddable":true,"href":"https:\/\/www.atta45.se\/e-butik\/wp-json\/wp\/v2\/media\/304383"}],"wp:attachment":[{"href":"https:\/\/www.atta45.se\/e-butik\/wp-json\/wp\/v2\/media?parent=304382"}],"wp:term":[{"taxonomy":"product_brand","embeddable":true,"href":"https:\/\/www.atta45.se\/e-butik\/wp-json\/wp\/v2\/product_brand?post=304382"},{"taxonomy":"product_cat","embeddable":true,"href":"https:\/\/www.atta45.se\/e-butik\/wp-json\/wp\/v2\/product_cat?post=304382"},{"taxonomy":"product_tag","embeddable":true,"href":"https:\/\/www.atta45.se\/e-butik\/wp-json\/wp\/v2\/product_tag?post=304382"}],"curies":[{"name":"wp","href":"https:\/\/api.w.org\/{rel}","templated":true}]}}