{"id":304372,"date":"2025-04-16T22:39:13","date_gmt":"2025-04-16T20:39:13","guid":{"rendered":"https:\/\/www.atta45.se\/e-butik\/produkt\/brandcharger-powerwave-5000-tradlos-powerbank\/"},"modified":"2025-10-27T20:54:40","modified_gmt":"2025-10-27T19:54:40","slug":"brandcharger-powerwave-5000-tradlos-powerbank","status":"publish","type":"product","link":"https:\/\/www.atta45.se\/e-butik\/produkt\/brandcharger-powerwave-5000-tradlos-powerbank\/","title":{"rendered":"BrandCharger Powerwave 5000 tr\u00e5dl\u00f6s powerbank"},"content":{"rendered":"<p>Powerwave 5000 mAh powerbank har en tunn unibody-design i aluminium som enkelt passar i vilken ficka som helst. Med en kapacitet p\u00e5 5 000 mAh st\u00f6der den 15 W magnetisk tr\u00e5dl\u00f6s laddning (MagSafe, Qi1 och Qi2) f\u00f6r enkel, kabelfri laddning. Den inneh\u00e5ller ocks\u00e5 en 20W (PD 3.0) USB-C-port f\u00f6r att ladda b\u00e4rbara datorer eller andra enheter efter behov. LCD-sk\u00e4rmen visar batteriniv\u00e5 och laddningsstatus, medan ett smart chip ger skydd mot \u00f6verstr\u00f6m, \u00f6verladdning, \u00f6verhettning och kortslutning. Designad med ett magnetiskt sn\u00e4pp f\u00f6r snabb och s\u00e4ker fasts\u00e4ttning.<\/p>\n","protected":false},"excerpt":{"rendered":"<p>Powerwave 5000 mAh powerbank har en tunn unibody-design i aluminium som enkelt passar i vilken ficka som helst. Med en kapacitet p\u00e5 5 000 mAh st\u00f6der den 15 W magnetisk tr\u00e5dl\u00f6s laddning (MagSafe, Qi1 och Qi2) f\u00f6r enkel, kabelfri laddning. Den inneh\u00e5ller ocks\u00e5 en 20W (PD 3.0) USB-C-port f\u00f6r att ladda b\u00e4rbara datorer eller andra [&hellip;]<\/p>\n","protected":false},"featured_media":304373,"template":"","meta":{"_acf_changed":false,"_seopress_robots_primary_cat":"","_seopress_titles_title":"","_seopress_titles_desc":"","_seopress_robots_index":""},"product_brand":[],"product_cat":[15],"product_tag":[],"class_list":{"0":"post-304372","1":"product","2":"type-product","3":"status-publish","4":"has-post-thumbnail","6":"product_cat-okategoriserad","7":"atta45_taxonomy-elektronik-kontor-datortillbehor-sv","8":"atta45_taxonomy-elektronik-kontor-sv","9":"atta45_taxonomy-elektronik-kontor-kontorsartiklar-sv","10":"atta45_taxonomy-mobiltillbehor-mobiltillbehor-sv","11":"atta45_taxonomy-tema-inspiration-utvalda-produkter-nyheter-sv","12":"atta45_taxonomy-nyheter-sv","13":"atta45_taxonomy-elektronik-kontor-powerbank-speakers-sv","14":"atta45_taxonomy-tema-inspiration-varumarken-sv","16":"first","17":"instock","18":"taxable","19":"shipping-taxable","20":"purchasable","21":"product-type-variable"},"acf":[],"_links":{"self":[{"href":"https:\/\/www.atta45.se\/e-butik\/wp-json\/wp\/v2\/product\/304372","targetHints":{"allow":["GET"]}}],"collection":[{"href":"https:\/\/www.atta45.se\/e-butik\/wp-json\/wp\/v2\/product"}],"about":[{"href":"https:\/\/www.atta45.se\/e-butik\/wp-json\/wp\/v2\/types\/product"}],"wp:featuredmedia":[{"embeddable":true,"href":"https:\/\/www.atta45.se\/e-butik\/wp-json\/wp\/v2\/media\/304373"}],"wp:attachment":[{"href":"https:\/\/www.atta45.se\/e-butik\/wp-json\/wp\/v2\/media?parent=304372"}],"wp:term":[{"taxonomy":"product_brand","embeddable":true,"href":"https:\/\/www.atta45.se\/e-butik\/wp-json\/wp\/v2\/product_brand?post=304372"},{"taxonomy":"product_cat","embeddable":true,"href":"https:\/\/www.atta45.se\/e-butik\/wp-json\/wp\/v2\/product_cat?post=304372"},{"taxonomy":"product_tag","embeddable":true,"href":"https:\/\/www.atta45.se\/e-butik\/wp-json\/wp\/v2\/product_tag?post=304372"}],"curies":[{"name":"wp","href":"https:\/\/api.w.org\/{rel}","templated":true}]}}