{"id":304352,"date":"2025-04-16T22:37:13","date_gmt":"2025-04-16T20:37:13","guid":{"rendered":"https:\/\/www.atta45.se\/e-butik\/produkt\/brandcharger-nano-tradlos-hogtalare\/"},"modified":"2025-10-27T20:53:15","modified_gmt":"2025-10-27T19:53:15","slug":"brandcharger-nano-tradlos-hogtalare","status":"publish","type":"product","link":"https:\/\/www.atta45.se\/e-butik\/produkt\/brandcharger-nano-tradlos-hogtalare\/","title":{"rendered":"BrandCharger Nano tr\u00e5dl\u00f6s h\u00f6gtalare"},"content":{"rendered":"<p>Nano \u00e4r v\u00e4rldens tunnaste tr\u00e5dl\u00f6sa h\u00f6gtalare, tillverkad av aluminium med en vegansk mockafinish f\u00f6r en elegant, elegant look. Med en 2-watts drivrutin levererar den h\u00f6gkvalitativt ljud, perfekt f\u00f6r en uppslukande musikupplevelse. Designad f\u00f6r TWS stereoparning, du kan ansluta tv\u00e5 Nanos f\u00f6r \u00e4kta v\u00e4nster och h\u00f6ger kanalljud, perfekt f\u00f6r sammankomster inomhus eller utomhus. F\u00f6rpackad i en robust svart kartong med en clamshell-insats, den inkluderar en b\u00e4rsn\u00f6re f\u00f6r extra bekv\u00e4mlighet.<\/p>\n","protected":false},"excerpt":{"rendered":"<p>Nano \u00e4r v\u00e4rldens tunnaste tr\u00e5dl\u00f6sa h\u00f6gtalare, tillverkad av aluminium med en vegansk mockafinish f\u00f6r en elegant, elegant look. Med en 2-watts drivrutin levererar den h\u00f6gkvalitativt ljud, perfekt f\u00f6r en uppslukande musikupplevelse. Designad f\u00f6r TWS stereoparning, du kan ansluta tv\u00e5 Nanos f\u00f6r \u00e4kta v\u00e4nster och h\u00f6ger kanalljud, perfekt f\u00f6r sammankomster inomhus eller utomhus. F\u00f6rpackad i en [&hellip;]<\/p>\n","protected":false},"featured_media":304353,"template":"","meta":{"_acf_changed":false,"_seopress_robots_primary_cat":"","_seopress_titles_title":"","_seopress_titles_desc":"","_seopress_robots_index":""},"product_brand":[],"product_cat":[15],"product_tag":[],"class_list":{"0":"post-304352","1":"product","2":"type-product","3":"status-publish","4":"has-post-thumbnail","6":"product_cat-okategoriserad","7":"atta45_taxonomy-elektronik-kontor-sv","8":"atta45_taxonomy-nyheter-sv","9":"atta45_taxonomy-tema-inspiration-utvalda-produkter-nyheter-sv","10":"atta45_taxonomy-elektronik-kontor-powerbank-speakers-sv","11":"atta45_taxonomy-tema-inspiration-varumarken-sv","13":"first","14":"instock","15":"taxable","16":"shipping-taxable","17":"purchasable","18":"product-type-variable"},"acf":[],"_links":{"self":[{"href":"https:\/\/www.atta45.se\/e-butik\/wp-json\/wp\/v2\/product\/304352","targetHints":{"allow":["GET"]}}],"collection":[{"href":"https:\/\/www.atta45.se\/e-butik\/wp-json\/wp\/v2\/product"}],"about":[{"href":"https:\/\/www.atta45.se\/e-butik\/wp-json\/wp\/v2\/types\/product"}],"wp:featuredmedia":[{"embeddable":true,"href":"https:\/\/www.atta45.se\/e-butik\/wp-json\/wp\/v2\/media\/304353"}],"wp:attachment":[{"href":"https:\/\/www.atta45.se\/e-butik\/wp-json\/wp\/v2\/media?parent=304352"}],"wp:term":[{"taxonomy":"product_brand","embeddable":true,"href":"https:\/\/www.atta45.se\/e-butik\/wp-json\/wp\/v2\/product_brand?post=304352"},{"taxonomy":"product_cat","embeddable":true,"href":"https:\/\/www.atta45.se\/e-butik\/wp-json\/wp\/v2\/product_cat?post=304352"},{"taxonomy":"product_tag","embeddable":true,"href":"https:\/\/www.atta45.se\/e-butik\/wp-json\/wp\/v2\/product_tag?post=304352"}],"curies":[{"name":"wp","href":"https:\/\/api.w.org\/{rel}","templated":true}]}}